{"id":4319,"date":"2018-02-15T13:26:36","date_gmt":"2018-02-15T12:26:36","guid":{"rendered":"https:\/\/zumarte.eus\/funtzionamendua\/"},"modified":"2025-05-13T16:03:47","modified_gmt":"2025-05-13T14:03:47","slug":"funcionamiento","status":"publish","type":"page","link":"https:\/\/zumarte.eus\/es\/funcionamiento\/","title":{"rendered":"Reglamento"},"content":{"rendered":"<p>[vc_row][vc_column width=\u00bb1\/6&#8243;][\/vc_column][vc_column width=\u00bb2\/3&#8243;][vc_cta h2=\u00bb\u00bb]<\/p>\n<h2><span>REGLAMENTO DE REGISTRO<\/span><\/h2>\n<p><span>\u2013 La inscripci\u00f3n para el\u00a0curso acad\u00e9mico\u00a0<\/span><strong><span>2025-2026<\/span><\/strong><span>\u00a0ser\u00e1\u00a0<\/span><strong><span>del 26 al 30 de mayo .<\/span><\/strong><\/p>\n<p><span>\u2013 Los alumnos que no se inscriban en esa fecha\u00a0<\/span><strong><span>perder\u00e1n su plaza<\/span><\/strong><span>\u00a0.<\/span><\/p>\n<p><span>\u2013 En el reparto de plazas\u00a0se dar\u00e1\u00a0<strong>prioridad\u00a0<\/strong><\/span><strong><span>al alumnado que estudie en Zumarte<\/span><\/strong><span>, seguido del alumnado residente en Usurbil, y una vez repartidas todas las plazas entre ellos, las plazas que queden libres se repartir\u00e1n entre el alumnado residente fuera de Usurbil.<\/span><\/p>\n<p><span>\u2013\u00a0<\/span><strong><span>No<\/span><\/strong><span>\u00a0se realizar\u00e1n reembolsos de matr\u00edcula.<\/span><\/p>\n<p><span>\u2013\u00a0Si la\u00a0<\/span><strong><span>baja se produce despu\u00e9s del 30 de septiembre<\/span><\/strong><span>, se deber\u00e1n abonar\u00a0<\/span><strong><span>todas las tasas correspondientes al a\u00f1o acad\u00e9mico completo.<\/span><\/strong><\/p>\n<p><span>\u2013\u00a0Las inscripciones realizadas\u00a0<\/span><strong><span>fuera de plazo<\/span><\/strong><span>\u00a0y hasta el 30 de octubre deber\u00e1n contar siempre con\u00a0<\/span><strong><span>la aprobaci\u00f3n del profesorado y del comit\u00e9 .<\/span><\/strong><\/p>\n<p><span>\u2013\u00a0<strong>No se aceptar\u00e1n ni se realizar\u00e1n nuevas inscripciones\u00a0<\/strong><\/span><strong><span>despu\u00e9s del 30 de octubre<\/span><\/strong>\u00a0<span>.<\/span><\/p>\n<p><span>\u2013\u00a0A los estudiantes que\u00a0<\/span><strong><span>se matriculen despu\u00e9s del inicio del a\u00f1o acad\u00e9mico se les cobrar\u00e1\u00a0<\/span><\/strong><strong><span>el precio completo de la matr\u00edcula<\/span><\/strong><span>\u00a0.<\/span><\/p>\n<p><span>\u2013\u00a0Un estudiante que\u00a0<\/span><strong><span>falte mucho\u00a0<\/span><\/strong><strong><span>no<\/span><\/strong><span>\u00a0tendr\u00e1 derecho a reservar plaza para el a\u00f1o siguiente.<\/span><\/p>\n<hr \/>\n<h2><span>MUSIKA TXOKOA Y MUSIKA MINTZAIRA<\/span><\/h2>\n<p><span>\u2013\u00a0En el caso de alumnos de nuevo ingreso en\u00a0<\/span><strong><span>Musika Txokoa y Musika Mintzaira<\/span><\/strong><strong><span>, si hay <\/span><\/strong><strong><span>m\u00e1s solicitudes que plazas<\/span><\/strong><span>\u00a0ofertadas , se realizar\u00e1 un sorteo el jueves siguiente al cierre de matr\u00edcula\u00a0<\/span><strong><span>a las 18:00 horas<\/span><\/strong><span>\u00a0. Tras el sorteo se crear\u00e1 una lista de espera y en caso de existir cancelaciones se admitir\u00e1n los alumnos que se encuentren en lista de espera.<\/span><\/p>\n<hr \/>\n<h2><span>REGULACI\u00d3N DE INSTRUMENTOS<\/span><\/h2>\n<h3><strong><span>Antenedentes<\/span><\/strong><\/h3>\n<p><span>\u2013 La Escuela de M\u00fasica de Zumarte tiene como finalidad \u201cfomentar la cultura musical y mantener y fomentar el Coro y las agrupaciones musicales que se han creado en la Asociaci\u00f3n y llevar\u00e1n el mismo nombre de la misma\u201d, para lo cual ser\u00e1 imprescindible realizar una\u00a0<\/span><strong><span>distribuci\u00f3n equilibrada de las plazas de instrumentos<\/span><\/strong><span>\u00a0.<\/span><\/p>\n<p><span>\u2013\u00a0<\/span><strong><span>Se ofertar\u00e1n al menos 4 nuevas plazas en todos los instrumentos<\/span><\/strong><span>\u00a0cada a\u00f1o y en caso de cancelaciones, se a\u00f1adir\u00e1n tambi\u00e9n las plazas dejadas vacantes por las mismas.<\/span><\/p>\n<h3><strong><span>Reglamento<\/span><\/strong><\/h3>\n<p><span>1. Los estudiantes\u00a0<\/span><strong><span>menores de 16 a\u00f1os\u00a0<\/span><\/strong><strong><span>tambi\u00e9n deben tomar una clase de m\u00fasica<\/span><\/strong><span>\u00a0si quieren aprender a tocar un instrumento\u00a0.<\/span><\/p>\n<p><span>2.\u00a0Todo alumno que desee\u00a0<\/span><strong><span>elegir o cambiar de instrumento deber\u00e1\u00a0<\/span><\/strong><strong><span>cumplimentar y entregar en el momento de la inscripci\u00f3n el formulario correspondiente<\/span><\/strong><span>\u00a0, que ser\u00e1 la BASE para la posterior asignaci\u00f3n de plazas. Al rellenar este formulario, cada alumno\u00a0<\/span><strong><span>elegir\u00e1 un m\u00e1ximo de 5 instrumentos<\/span><\/strong><span>\u00a0y los colocar\u00e1 en su orden de preferencia.<\/span><\/p>\n<p><span>3. Una vez recibidas todas las solicitudes,\u00a0<\/span><strong><span>se elaborar\u00e1 una lista entre todos estos estudiantes<\/span><\/strong><span>\u00a0.\u00a0<\/span><strong><span>El sorteo<\/span><\/strong><span>\u00a0se realizar\u00e1 el jueves siguiente al cierre de inscripciones\u00a0<\/span><strong><span>a las 18:00 horas<\/span><\/strong><span>\u00a0.<\/span><\/p>\n<ul>\n<li><span>En el sorteo,\u00a0el alumno que elija el instrumento\u00a0<\/span><strong><span>por primera vez<\/span><\/strong><span>\u00a0tendr\u00e1\u00a0<\/span><strong><span>una tarjeta con su nombre.<\/span><\/strong><\/li>\n<li><span>Si en los sorteos de los 2 \u00faltimos a\u00f1os el alumno no ha sido emparejado con su primera opci\u00f3n de instrumento, se le entregar\u00e1\u00a0<\/span><strong><span>un ticket para cada a\u00f1o<\/span><\/strong><span>\u00a0. Por lo tanto un alumno\u00a0tendr\u00e1\u00a0<\/span><strong><span>un m\u00e1ximo de 3 tarjetas .<\/span><\/strong><\/li>\n<\/ul>\n<p><strong><span>4. Seg\u00fan el orden<\/span><\/strong><span>\u00a0que surja despu\u00e9s del sorteo,\u00a0cada alumno escoger\u00e1 su primer\u00a0<\/span><strong><span>instrumento<\/span><\/strong><span>\u00a0y si no hay espacio, se le entregar\u00e1 el segundo que eligi\u00f3 y si \u00e9ste tambi\u00e9n est\u00e1 ocupado, el tercero, y as\u00ed sucesivamente, hasta llenar todos los espacios entre todos los alumnos. Si ninguno de los instrumentos que han elegido les conviene, teniendo en cuenta el orden de la lista, pueden elegir instrumentos con ranuras libres.<\/span><\/p>\n<p><span>5.\u00a0<\/span><strong><span>Efectuada esta distribuci\u00f3n de plazas de instrumentos<\/span><\/strong><span>\u00a0y respetando el mismo orden de la lista,\u00a0se formar\u00e1 una\u00a0<\/span><strong><span>lista de espera<\/span><\/strong><span>\u00a0. Si el instrumento elegido por el alumno no est\u00e1 disponible durante el curso acad\u00e9mico, la plaza liberada del instrumento (con su horario) se ofrecer\u00e1 al primer alumno de la lista de espera; si no pueden asistir en ese horario, al siguiente alumno, etc. En consecuencia, quedar\u00e1 una plaza libre en el instrumento que no era su primera opci\u00f3n.<\/span><\/p>\n<p><span>6.\u00a0<\/span><strong><span>Los estudiantes mayores de 16 a\u00f1os<\/span><\/strong><span>\u00a0deber\u00e1n\u00a0<\/span><strong><span>demostrar conocimientos b\u00e1sicos del lenguaje musical<\/span><\/strong><span>\u00a0para poder inscribirse en un instrumento .<\/span><\/p>\n<p><span>7. Los estudiantes\u00a0deben tener\u00a0<\/span><strong><span>un nivel m\u00ednimo para participar en un grupo<\/span><\/strong><span>. El nivel de participaci\u00f3n en estos grupos\u00a0depender\u00e1\u00a0<\/span><strong><span>del criterio del profesorado .<\/span><\/strong><\/p>\n<hr \/>\n<h2><span>REGLAMENTO PARA LA DISTRIBUCI\u00d3N DE HORARIOS DE INSTRUMENTOS<\/span><\/h2>\n<p><span>1.\u00a0Cada a\u00f1o se crear\u00e1n\u00a0<\/span><strong><span>nuevos horarios, <\/span><\/strong><strong><span>nadie<\/span><\/strong><span>\u00a0tendr\u00e1 reservado el horario del a\u00f1o anterior.<\/span><\/p>\n<p><span>2. Todos los alumnos deber\u00e1n\u00a0<\/span><strong><span>matricularse<\/span><\/strong><span>\u00a0dentro del plazo establecido por el Colegio para tal efecto.<\/span><\/p>\n<p><span>3. Una vez completada la inscripci\u00f3n,\u00a0se formar\u00e1n\u00a0<\/span><strong><span>3 grupos de alumnos<\/span><\/strong><span>\u00a0seg\u00fan la edad de los alumnos matriculados en cada instrumento (nacidos 2018-2014 \/ 2013-2010 \/ 2009 o anteriores) y para cada grupo se crear\u00e1\u00a0<\/span><strong><span>una lista numerada .<\/span><\/strong><\/p>\n<ul>\n<li><strong><span>El grupo<\/span><\/strong><span>\u00a0de estudiantes m\u00e1s j\u00f3venes\u00a0ser\u00e1\u00a0<\/span><strong><span>el primero en tomar el horario,\u00a0<\/span><\/strong><strong><span>se extraer\u00e1 un n\u00famero<\/span><\/strong><span>\u00a0por sorteo\u00a0y ese ser\u00e1\u00a0<\/span><strong><span>el primero en tomar el horario<\/span><\/strong><span>\u00a0, luego el siguiente y as\u00ed sucesivamente\u00a0<\/span><strong><span>hasta completar el horario de todos<\/span><\/strong><span>\u00a0.<\/span><\/li>\n<li><span>Cuando los estudiantes de un grupo de edad\u00a0<\/span><strong><span>reciban su horario<\/span><\/strong><span>\u00a0,\u00a0se distribuir\u00e1 el horario para\u00a0<\/span><strong><span>el siguiente grupo de estudiantes .<\/span><\/strong><\/li>\n<\/ul>\n<p>[\/vc_cta][\/vc_column][vc_column width=\u00bb1\/6&#8243;][\/vc_column][\/vc_row]<\/p>\n","protected":false},"excerpt":{"rendered":"<p>[vc_row][vc_column width=\u00bb1\/6&#8243;][\/vc_column][vc_column width=\u00bb2\/3&#8243;][vc_cta h2=\u00bb\u00bb] REGLAMENTO DE REGISTRO \u2013 La inscripci\u00f3n para el\u00a0curso acad\u00e9mico\u00a02025-2026\u00a0ser\u00e1\u00a0del 26 al 30 de mayo . \u2013 Los alumnos que no se inscriban en esa fecha\u00a0perder\u00e1n su &hellip; <\/p>\n","protected":false},"author":1,"featured_media":0,"parent":0,"menu_order":0,"comment_status":"closed","ping_status":"closed","template":"","meta":{"_monsterinsights_skip_tracking":false,"_monsterinsights_sitenote_active":false,"_monsterinsights_sitenote_note":"","_monsterinsights_sitenote_category":0,"footnotes":""},"class_list":["post-4319","page","type-page","status-publish","hentry"],"yoast_head":"<!-- This site is optimized with the Yoast SEO plugin v26.9 - https:\/\/yoast.com\/product\/yoast-seo-wordpress\/ -->\n<title>La normativa de matriculaci\u00f3n Zumarte Musika Eskola - Zumarte<\/title>\n<meta name=\"description\" content=\"La normativa de matriculaci\u00f3n Zumarte Musika Eskola, Usurbil\" \/>\n<meta name=\"robots\" content=\"index, follow, max-snippet:-1, max-image-preview:large, max-video-preview:-1\" \/>\n<link rel=\"canonical\" href=\"https:\/\/zumarte.eus\/funtzionamentua\/\" \/>\n<meta property=\"og:locale\" content=\"es_ES\" \/>\n<meta property=\"og:type\" content=\"article\" \/>\n<meta property=\"og:title\" content=\"La normativa de matriculaci\u00f3n Zumarte Musika Eskola - Zumarte\" \/>\n<meta property=\"og:description\" content=\"La normativa de matriculaci\u00f3n Zumarte Musika Eskola, Usurbil\" \/>\n<meta property=\"og:url\" content=\"https:\/\/zumarte.eus\/funtzionamentua\/\" \/>\n<meta property=\"og:site_name\" content=\"Zumarte\" \/>\n<meta property=\"article:modified_time\" content=\"2025-05-13T14:03:47+00:00\" \/>\n<meta property=\"og:image\" content=\"https:\/\/zumarte.eus\/wp-content\/uploads\/2018\/06\/zumarte-usurbilgo-musika-eskola.jpg\" \/>\n\t<meta property=\"og:image:width\" content=\"1438\" \/>\n\t<meta property=\"og:image:height\" content=\"439\" \/>\n\t<meta property=\"og:image:type\" content=\"image\/jpeg\" \/>\n<meta name=\"twitter:card\" content=\"summary_large_image\" \/>\n<meta name=\"twitter:site\" content=\"@ZumarteMusika\" \/>\n<meta name=\"twitter:label1\" content=\"Tiempo de lectura\" \/>\n\t<meta name=\"twitter:data1\" content=\"4 minutos\" \/>\n<script type=\"application\/ld+json\" class=\"yoast-schema-graph\">{\"@context\":\"https:\/\/schema.org\",\"@graph\":[{\"@type\":\"WebPage\",\"@id\":\"https:\/\/zumarte.eus\/funtzionamentua\/\",\"url\":\"https:\/\/zumarte.eus\/funtzionamentua\/\",\"name\":\"La normativa de matriculaci\u00f3n Zumarte Musika Eskola - Zumarte\",\"isPartOf\":{\"@id\":\"https:\/\/zumarte.eus\/#website\"},\"datePublished\":\"2018-02-15T12:26:36+00:00\",\"dateModified\":\"2025-05-13T14:03:47+00:00\",\"description\":\"La normativa de matriculaci\u00f3n Zumarte Musika Eskola, Usurbil\",\"breadcrumb\":{\"@id\":\"https:\/\/zumarte.eus\/funtzionamentua\/#breadcrumb\"},\"inLanguage\":\"es\",\"potentialAction\":[{\"@type\":\"ReadAction\",\"target\":[\"https:\/\/zumarte.eus\/funtzionamentua\/\"]}]},{\"@type\":\"BreadcrumbList\",\"@id\":\"https:\/\/zumarte.eus\/funtzionamentua\/#breadcrumb\",\"itemListElement\":[{\"@type\":\"ListItem\",\"position\":1,\"name\":\"Home\",\"item\":\"https:\/\/zumarte.eus\/es\/\"},{\"@type\":\"ListItem\",\"position\":2,\"name\":\"Reglamento\"}]},{\"@type\":\"WebSite\",\"@id\":\"https:\/\/zumarte.eus\/#website\",\"url\":\"https:\/\/zumarte.eus\/\",\"name\":\"Zumarte\",\"description\":\"Usurbilgo musika eskola\",\"potentialAction\":[{\"@type\":\"SearchAction\",\"target\":{\"@type\":\"EntryPoint\",\"urlTemplate\":\"https:\/\/zumarte.eus\/?s={search_term_string}\"},\"query-input\":{\"@type\":\"PropertyValueSpecification\",\"valueRequired\":true,\"valueName\":\"search_term_string\"}}],\"inLanguage\":\"es\"}]}<\/script>\n<!-- \/ Yoast SEO plugin. -->","yoast_head_json":{"title":"La normativa de matriculaci\u00f3n Zumarte Musika Eskola - Zumarte","description":"La normativa de matriculaci\u00f3n Zumarte Musika Eskola, Usurbil","robots":{"index":"index","follow":"follow","max-snippet":"max-snippet:-1","max-image-preview":"max-image-preview:large","max-video-preview":"max-video-preview:-1"},"canonical":"https:\/\/zumarte.eus\/funtzionamentua\/","og_locale":"es_ES","og_type":"article","og_title":"La normativa de matriculaci\u00f3n Zumarte Musika Eskola - Zumarte","og_description":"La normativa de matriculaci\u00f3n Zumarte Musika Eskola, Usurbil","og_url":"https:\/\/zumarte.eus\/funtzionamentua\/","og_site_name":"Zumarte","article_modified_time":"2025-05-13T14:03:47+00:00","og_image":[{"width":1438,"height":439,"url":"https:\/\/zumarte.eus\/wp-content\/uploads\/2018\/06\/zumarte-usurbilgo-musika-eskola.jpg","type":"image\/jpeg"}],"twitter_card":"summary_large_image","twitter_site":"@ZumarteMusika","twitter_misc":{"Tiempo de lectura":"4 minutos"},"schema":{"@context":"https:\/\/schema.org","@graph":[{"@type":"WebPage","@id":"https:\/\/zumarte.eus\/funtzionamentua\/","url":"https:\/\/zumarte.eus\/funtzionamentua\/","name":"La normativa de matriculaci\u00f3n Zumarte Musika Eskola - Zumarte","isPartOf":{"@id":"https:\/\/zumarte.eus\/#website"},"datePublished":"2018-02-15T12:26:36+00:00","dateModified":"2025-05-13T14:03:47+00:00","description":"La normativa de matriculaci\u00f3n Zumarte Musika Eskola, Usurbil","breadcrumb":{"@id":"https:\/\/zumarte.eus\/funtzionamentua\/#breadcrumb"},"inLanguage":"es","potentialAction":[{"@type":"ReadAction","target":["https:\/\/zumarte.eus\/funtzionamentua\/"]}]},{"@type":"BreadcrumbList","@id":"https:\/\/zumarte.eus\/funtzionamentua\/#breadcrumb","itemListElement":[{"@type":"ListItem","position":1,"name":"Home","item":"https:\/\/zumarte.eus\/es\/"},{"@type":"ListItem","position":2,"name":"Reglamento"}]},{"@type":"WebSite","@id":"https:\/\/zumarte.eus\/#website","url":"https:\/\/zumarte.eus\/","name":"Zumarte","description":"Usurbilgo musika eskola","potentialAction":[{"@type":"SearchAction","target":{"@type":"EntryPoint","urlTemplate":"https:\/\/zumarte.eus\/?s={search_term_string}"},"query-input":{"@type":"PropertyValueSpecification","valueRequired":true,"valueName":"search_term_string"}}],"inLanguage":"es"}]}},"post_mailing_queue_ids":[],"_links":{"self":[{"href":"https:\/\/zumarte.eus\/es\/wp-json\/wp\/v2\/pages\/4319","targetHints":{"allow":["GET"]}}],"collection":[{"href":"https:\/\/zumarte.eus\/es\/wp-json\/wp\/v2\/pages"}],"about":[{"href":"https:\/\/zumarte.eus\/es\/wp-json\/wp\/v2\/types\/page"}],"author":[{"embeddable":true,"href":"https:\/\/zumarte.eus\/es\/wp-json\/wp\/v2\/users\/1"}],"replies":[{"embeddable":true,"href":"https:\/\/zumarte.eus\/es\/wp-json\/wp\/v2\/comments?post=4319"}],"version-history":[{"count":12,"href":"https:\/\/zumarte.eus\/es\/wp-json\/wp\/v2\/pages\/4319\/revisions"}],"predecessor-version":[{"id":7172,"href":"https:\/\/zumarte.eus\/es\/wp-json\/wp\/v2\/pages\/4319\/revisions\/7172"}],"wp:attachment":[{"href":"https:\/\/zumarte.eus\/es\/wp-json\/wp\/v2\/media?parent=4319"}],"curies":[{"name":"wp","href":"https:\/\/api.w.org\/{rel}","templated":true}]}}