{"id":4325,"date":"2018-08-23T12:02:59","date_gmt":"2018-08-23T10:02:59","guid":{"rendered":"https:\/\/zumarte.eus\/?page_id=4325"},"modified":"2025-10-21T12:11:05","modified_gmt":"2025-10-21T10:11:05","slug":"coros","status":"publish","type":"page","link":"https:\/\/zumarte.eus\/es\/coros\/","title":{"rendered":"Coros"},"content":{"rendered":"<p>\u2013\u00a0 Se dividen en <strong>3 grupos<\/strong> seg\u00fan edades:<\/p>\n<ul>\n<li>Zumarte Txiki Abesbatza (hasta 12 a\u00f1os)<\/li>\n<li>Zumarte Abesbatza ( de 13 a 16 a\u00f1os)<\/li>\n<li>Zumarte Gazte Abesbatza (mayores de 16 a\u00f1os)<\/li>\n<\/ul>\n<p>(El coro es preceptivo en\u00a0 Musika Mintzaira 1 y 2)<\/p>\n<p>\u2013 La voz y el canto es el \u00fanico instrumento musical que disponemos de manera natural. El ser humano, utiliza el canto como modo de comunicaci\u00f3n y tambi\u00e9n para dar curso a sus emociones. El canto revive el cerebro de una manera especial e impulsa a la pr\u00e1ctica y el ejercicio tanto del cerebro como del cuerpo.<\/p>\n<div id=\"erdyt-69d302b8263da\" data-id=\"mw4NbPvDB2c\" class=\"erd-youtube-responsive\" style=\"display:block;position:relative;clear:both;width:100%;max-width:100%;margin-left:auto;margin-right:auto;\"><div style=\"padding-bottom:56.25%;\"><div class=\"erd-ytplay\" id=\"erdytp-mw4NbPvDB2c-69d302b8263da\" data-vid=\"mw4NbPvDB2c\"   data-src=\"https:\/\/www.youtube.com\/embed\/mw4NbPvDB2c?loop=1&#038;autoplay=1&#038;rel=0\" data-allowfullscreen=\"true\"><img decoding=\"async\" data-src=\"https:\/\/i.ytimg.com\/vi\/mw4NbPvDB2c\/hqdefault.jpg\" alt=\"YouTube Video\" src=\"data:image\/svg+xml;base64,PHN2ZyB3aWR0aD0iMSIgaGVpZ2h0PSIxIiB4bWxucz0iaHR0cDovL3d3dy53My5vcmcvMjAwMC9zdmciPjwvc3ZnPg==\" class=\"lazyload\" \/><\/div><\/div><\/div>\n","protected":false},"excerpt":{"rendered":"<p>\u2013\u00a0 Se dividen en 3 grupos seg\u00fan edades: Zumarte Txiki Abesbatza (hasta 12 a\u00f1os) Zumarte Abesbatza ( de 13 a 16 a\u00f1os) Zumarte Gazte Abesbatza (mayores de 16 a\u00f1os) (El &hellip; <\/p>\n","protected":false},"author":1,"featured_media":0,"parent":0,"menu_order":0,"comment_status":"closed","ping_status":"closed","template":"","meta":{"_monsterinsights_skip_tracking":false,"_monsterinsights_sitenote_active":false,"_monsterinsights_sitenote_note":"","_monsterinsights_sitenote_category":0,"footnotes":""},"class_list":["post-4325","page","type-page","status-publish","hentry"],"yoast_head":"<!-- This site is optimized with the Yoast SEO plugin v26.9 - https:\/\/yoast.com\/product\/yoast-seo-wordpress\/ -->\n<title>Clase de Coros - Zumarte, Usurbil<\/title>\n<meta name=\"description\" content=\"La voz y el canto es el \u00fanico instrumento que tenemos por naturaleza. El ser humano, necesita el canto para canalizar sus emociones y para comunicarse.\" \/>\n<meta name=\"robots\" content=\"index, follow, max-snippet:-1, max-image-preview:large, max-video-preview:-1\" \/>\n<link rel=\"canonical\" href=\"https:\/\/zumarte.eus\/es\/coros\/\" \/>\n<meta property=\"og:locale\" content=\"es_ES\" \/>\n<meta property=\"og:type\" content=\"article\" \/>\n<meta property=\"og:title\" content=\"Clase de Coros - Zumarte, Usurbil\" \/>\n<meta property=\"og:description\" content=\"La voz y el canto es el \u00fanico instrumento que tenemos por naturaleza. El ser humano, necesita el canto para canalizar sus emociones y para comunicarse.\" \/>\n<meta property=\"og:url\" content=\"https:\/\/zumarte.eus\/es\/coros\/\" \/>\n<meta property=\"og:site_name\" content=\"Zumarte\" \/>\n<meta property=\"article:modified_time\" content=\"2025-10-21T10:11:05+00:00\" \/>\n<meta property=\"og:image\" content=\"https:\/\/zumarte.eus\/wp-content\/uploads\/2018\/06\/zumarte-usurbilgo-musika-eskola.jpg\" \/>\n\t<meta property=\"og:image:width\" content=\"1438\" \/>\n\t<meta property=\"og:image:height\" content=\"439\" \/>\n\t<meta property=\"og:image:type\" content=\"image\/jpeg\" \/>\n<meta name=\"twitter:card\" content=\"summary_large_image\" \/>\n<meta name=\"twitter:site\" content=\"@ZumarteMusika\" \/>\n<meta name=\"twitter:label1\" content=\"Tiempo de lectura\" \/>\n\t<meta name=\"twitter:data1\" content=\"1 minuto\" \/>\n<script type=\"application\/ld+json\" class=\"yoast-schema-graph\">{\"@context\":\"https:\/\/schema.org\",\"@graph\":[{\"@type\":\"WebPage\",\"@id\":\"https:\/\/zumarte.eus\/es\/coros\/\",\"url\":\"https:\/\/zumarte.eus\/es\/coros\/\",\"name\":\"Clase de Coros - Zumarte, Usurbil\",\"isPartOf\":{\"@id\":\"https:\/\/zumarte.eus\/#website\"},\"datePublished\":\"2018-08-23T10:02:59+00:00\",\"dateModified\":\"2025-10-21T10:11:05+00:00\",\"description\":\"La voz y el canto es el \u00fanico instrumento que tenemos por naturaleza. El ser humano, necesita el canto para canalizar sus emociones y para comunicarse.\",\"breadcrumb\":{\"@id\":\"https:\/\/zumarte.eus\/es\/coros\/#breadcrumb\"},\"inLanguage\":\"es\",\"potentialAction\":[{\"@type\":\"ReadAction\",\"target\":[\"https:\/\/zumarte.eus\/es\/coros\/\"]}]},{\"@type\":\"BreadcrumbList\",\"@id\":\"https:\/\/zumarte.eus\/es\/coros\/#breadcrumb\",\"itemListElement\":[{\"@type\":\"ListItem\",\"position\":1,\"name\":\"Home\",\"item\":\"https:\/\/zumarte.eus\/es\/\"},{\"@type\":\"ListItem\",\"position\":2,\"name\":\"Coros\"}]},{\"@type\":\"WebSite\",\"@id\":\"https:\/\/zumarte.eus\/#website\",\"url\":\"https:\/\/zumarte.eus\/\",\"name\":\"Zumarte\",\"description\":\"Usurbilgo musika eskola\",\"potentialAction\":[{\"@type\":\"SearchAction\",\"target\":{\"@type\":\"EntryPoint\",\"urlTemplate\":\"https:\/\/zumarte.eus\/?s={search_term_string}\"},\"query-input\":{\"@type\":\"PropertyValueSpecification\",\"valueRequired\":true,\"valueName\":\"search_term_string\"}}],\"inLanguage\":\"es\"}]}<\/script>\n<!-- \/ Yoast SEO plugin. -->","yoast_head_json":{"title":"Clase de Coros - Zumarte, Usurbil","description":"La voz y el canto es el \u00fanico instrumento que tenemos por naturaleza. El ser humano, necesita el canto para canalizar sus emociones y para comunicarse.","robots":{"index":"index","follow":"follow","max-snippet":"max-snippet:-1","max-image-preview":"max-image-preview:large","max-video-preview":"max-video-preview:-1"},"canonical":"https:\/\/zumarte.eus\/es\/coros\/","og_locale":"es_ES","og_type":"article","og_title":"Clase de Coros - Zumarte, Usurbil","og_description":"La voz y el canto es el \u00fanico instrumento que tenemos por naturaleza. El ser humano, necesita el canto para canalizar sus emociones y para comunicarse.","og_url":"https:\/\/zumarte.eus\/es\/coros\/","og_site_name":"Zumarte","article_modified_time":"2025-10-21T10:11:05+00:00","og_image":[{"width":1438,"height":439,"url":"https:\/\/zumarte.eus\/wp-content\/uploads\/2018\/06\/zumarte-usurbilgo-musika-eskola.jpg","type":"image\/jpeg"}],"twitter_card":"summary_large_image","twitter_site":"@ZumarteMusika","twitter_misc":{"Tiempo de lectura":"1 minuto"},"schema":{"@context":"https:\/\/schema.org","@graph":[{"@type":"WebPage","@id":"https:\/\/zumarte.eus\/es\/coros\/","url":"https:\/\/zumarte.eus\/es\/coros\/","name":"Clase de Coros - Zumarte, Usurbil","isPartOf":{"@id":"https:\/\/zumarte.eus\/#website"},"datePublished":"2018-08-23T10:02:59+00:00","dateModified":"2025-10-21T10:11:05+00:00","description":"La voz y el canto es el \u00fanico instrumento que tenemos por naturaleza. El ser humano, necesita el canto para canalizar sus emociones y para comunicarse.","breadcrumb":{"@id":"https:\/\/zumarte.eus\/es\/coros\/#breadcrumb"},"inLanguage":"es","potentialAction":[{"@type":"ReadAction","target":["https:\/\/zumarte.eus\/es\/coros\/"]}]},{"@type":"BreadcrumbList","@id":"https:\/\/zumarte.eus\/es\/coros\/#breadcrumb","itemListElement":[{"@type":"ListItem","position":1,"name":"Home","item":"https:\/\/zumarte.eus\/es\/"},{"@type":"ListItem","position":2,"name":"Coros"}]},{"@type":"WebSite","@id":"https:\/\/zumarte.eus\/#website","url":"https:\/\/zumarte.eus\/","name":"Zumarte","description":"Usurbilgo musika eskola","potentialAction":[{"@type":"SearchAction","target":{"@type":"EntryPoint","urlTemplate":"https:\/\/zumarte.eus\/?s={search_term_string}"},"query-input":{"@type":"PropertyValueSpecification","valueRequired":true,"valueName":"search_term_string"}}],"inLanguage":"es"}]}},"post_mailing_queue_ids":[],"_links":{"self":[{"href":"https:\/\/zumarte.eus\/es\/wp-json\/wp\/v2\/pages\/4325","targetHints":{"allow":["GET"]}}],"collection":[{"href":"https:\/\/zumarte.eus\/es\/wp-json\/wp\/v2\/pages"}],"about":[{"href":"https:\/\/zumarte.eus\/es\/wp-json\/wp\/v2\/types\/page"}],"author":[{"embeddable":true,"href":"https:\/\/zumarte.eus\/es\/wp-json\/wp\/v2\/users\/1"}],"replies":[{"embeddable":true,"href":"https:\/\/zumarte.eus\/es\/wp-json\/wp\/v2\/comments?post=4325"}],"version-history":[{"count":14,"href":"https:\/\/zumarte.eus\/es\/wp-json\/wp\/v2\/pages\/4325\/revisions"}],"predecessor-version":[{"id":7289,"href":"https:\/\/zumarte.eus\/es\/wp-json\/wp\/v2\/pages\/4325\/revisions\/7289"}],"wp:attachment":[{"href":"https:\/\/zumarte.eus\/es\/wp-json\/wp\/v2\/media?parent=4325"}],"curies":[{"name":"wp","href":"https:\/\/api.w.org\/{rel}","templated":true}]}}