{"id":4333,"date":"2018-08-23T12:07:28","date_gmt":"2018-08-23T10:07:28","guid":{"rendered":"https:\/\/zumarte.eus\/?page_id=4333"},"modified":"2020-05-24T08:39:31","modified_gmt":"2020-05-24T06:39:31","slug":"cursos-percusion","status":"publish","type":"page","link":"https:\/\/zumarte.eus\/es\/instrumentos\/cursos-percusion\/","title":{"rendered":"Percusi\u00f3n"},"content":{"rendered":"<p>Profesor, Iker Salaberria &#8211; isalaberria@zumarte<\/p>\n<p>&#8211; La familia de los instrumentos de percusi\u00f3n es muy amplia, algunos son afinados y nos dan la posibilidad de crear melod\u00edas, entre ellos el xil\u00f3fono, la marimba o los timbales. Otros son no-afinados y se trabaja el ritmo a trav\u00e9s de ellos, como la bater\u00eda, caja o el tambor, pero hay muchos m\u00e1s, el caj\u00f3n, el djembe\u2026<\/p>\n<p>\u00a1Los instrumentos de percusi\u00f3n nos ofrecen una gran oportunidad para poder disfrutar de tipos de m\u00fasica y contextos diferentes!<\/p>\n<p><img decoding=\"async\" class=\"aligncenter size-full wp-image-5537 lazyload\" data-src=\"https:\/\/zumarte.eus\/wp-content\/uploads\/2020\/05\/Kbar-19-46.jpg\" alt=\"\" width=\"450\" height=\"338\" src=\"data:image\/svg+xml;base64,PHN2ZyB3aWR0aD0iMSIgaGVpZ2h0PSIxIiB4bWxucz0iaHR0cDovL3d3dy53My5vcmcvMjAwMC9zdmciPjwvc3ZnPg==\" style=\"--smush-placeholder-width: 450px; --smush-placeholder-aspect-ratio: 450\/338;\" \/><\/p>\n","protected":false},"excerpt":{"rendered":"<p>Profesor, Iker Salaberria &#8211; isalaberria@zumarte &#8211; La familia de los instrumentos de percusi\u00f3n es muy amplia, algunos son afinados y nos dan la posibilidad de crear melod\u00edas, entre ellos el &hellip; <\/p>\n","protected":false},"author":1,"featured_media":0,"parent":4382,"menu_order":0,"comment_status":"closed","ping_status":"closed","template":"","meta":{"_monsterinsights_skip_tracking":false,"_monsterinsights_sitenote_active":false,"_monsterinsights_sitenote_note":"","_monsterinsights_sitenote_category":0,"footnotes":""},"class_list":["post-4333","page","type-page","status-publish","hentry"],"yoast_head":"<!-- This site is optimized with the Yoast SEO plugin v26.9 - https:\/\/yoast.com\/product\/yoast-seo-wordpress\/ -->\n<title>Clase de Percusi\u00f3n - Zumarte, Usurbil<\/title>\n<meta name=\"description\" content=\"\u00a1Los instrumentos de percusi\u00f3n nos ofrecen una gran oportunidad para poder disfrutar de tipos de m\u00fasica y contextos diferentes!\" \/>\n<meta name=\"robots\" content=\"index, follow, max-snippet:-1, max-image-preview:large, max-video-preview:-1\" \/>\n<link rel=\"canonical\" href=\"https:\/\/zumarte.eus\/instrumentuak\/perkusio-ikastaroak\/\" \/>\n<meta property=\"og:locale\" content=\"es_ES\" \/>\n<meta property=\"og:type\" content=\"article\" \/>\n<meta property=\"og:title\" content=\"Clase de Percusi\u00f3n - Zumarte, Usurbil\" \/>\n<meta property=\"og:description\" content=\"\u00a1Los instrumentos de percusi\u00f3n nos ofrecen una gran oportunidad para poder disfrutar de tipos de m\u00fasica y contextos diferentes!\" \/>\n<meta property=\"og:url\" content=\"https:\/\/zumarte.eus\/instrumentuak\/perkusio-ikastaroak\/\" \/>\n<meta property=\"og:site_name\" content=\"Zumarte\" \/>\n<meta property=\"article:modified_time\" content=\"2020-05-24T06:39:31+00:00\" \/>\n<meta property=\"og:image\" content=\"https:\/\/zumarte.eus\/wp-content\/uploads\/2018\/06\/zumarte-usurbilgo-musika-eskola.jpg\" \/>\n\t<meta property=\"og:image:width\" content=\"1438\" \/>\n\t<meta property=\"og:image:height\" content=\"439\" \/>\n\t<meta property=\"og:image:type\" content=\"image\/jpeg\" \/>\n<meta name=\"twitter:card\" content=\"summary_large_image\" \/>\n<meta name=\"twitter:site\" content=\"@ZumarteMusika\" \/>\n<script type=\"application\/ld+json\" class=\"yoast-schema-graph\">{\"@context\":\"https:\/\/schema.org\",\"@graph\":[{\"@type\":\"WebPage\",\"@id\":\"https:\/\/zumarte.eus\/instrumentuak\/perkusio-ikastaroak\/\",\"url\":\"https:\/\/zumarte.eus\/instrumentuak\/perkusio-ikastaroak\/\",\"name\":\"Clase de Percusi\u00f3n - Zumarte, Usurbil\",\"isPartOf\":{\"@id\":\"https:\/\/zumarte.eus\/#website\"},\"primaryImageOfPage\":{\"@id\":\"https:\/\/zumarte.eus\/instrumentuak\/perkusio-ikastaroak\/#primaryimage\"},\"image\":{\"@id\":\"https:\/\/zumarte.eus\/instrumentuak\/perkusio-ikastaroak\/#primaryimage\"},\"thumbnailUrl\":\"https:\/\/zumarte.eus\/wp-content\/uploads\/2020\/05\/Kbar-19-46.jpg\",\"datePublished\":\"2018-08-23T10:07:28+00:00\",\"dateModified\":\"2020-05-24T06:39:31+00:00\",\"description\":\"\u00a1Los instrumentos de percusi\u00f3n nos ofrecen una gran oportunidad para poder disfrutar de tipos de m\u00fasica y contextos diferentes!\",\"breadcrumb\":{\"@id\":\"https:\/\/zumarte.eus\/instrumentuak\/perkusio-ikastaroak\/#breadcrumb\"},\"inLanguage\":\"es\",\"potentialAction\":[{\"@type\":\"ReadAction\",\"target\":[\"https:\/\/zumarte.eus\/instrumentuak\/perkusio-ikastaroak\/\"]}]},{\"@type\":\"ImageObject\",\"inLanguage\":\"es\",\"@id\":\"https:\/\/zumarte.eus\/instrumentuak\/perkusio-ikastaroak\/#primaryimage\",\"url\":\"https:\/\/zumarte.eus\/wp-content\/uploads\/2020\/05\/Kbar-19-46.jpg\",\"contentUrl\":\"https:\/\/zumarte.eus\/wp-content\/uploads\/2020\/05\/Kbar-19-46.jpg\"},{\"@type\":\"BreadcrumbList\",\"@id\":\"https:\/\/zumarte.eus\/instrumentuak\/perkusio-ikastaroak\/#breadcrumb\",\"itemListElement\":[{\"@type\":\"ListItem\",\"position\":1,\"name\":\"Home\",\"item\":\"https:\/\/zumarte.eus\/es\/\"},{\"@type\":\"ListItem\",\"position\":2,\"name\":\"Instrumentos\",\"item\":\"https:\/\/zumarte.eus\/instrumentuak\/\"},{\"@type\":\"ListItem\",\"position\":3,\"name\":\"Percusi\u00f3n\"}]},{\"@type\":\"WebSite\",\"@id\":\"https:\/\/zumarte.eus\/#website\",\"url\":\"https:\/\/zumarte.eus\/\",\"name\":\"Zumarte\",\"description\":\"Usurbilgo musika eskola\",\"potentialAction\":[{\"@type\":\"SearchAction\",\"target\":{\"@type\":\"EntryPoint\",\"urlTemplate\":\"https:\/\/zumarte.eus\/?s={search_term_string}\"},\"query-input\":{\"@type\":\"PropertyValueSpecification\",\"valueRequired\":true,\"valueName\":\"search_term_string\"}}],\"inLanguage\":\"es\"}]}<\/script>\n<!-- \/ Yoast SEO plugin. -->","yoast_head_json":{"title":"Clase de Percusi\u00f3n - Zumarte, Usurbil","description":"\u00a1Los instrumentos de percusi\u00f3n nos ofrecen una gran oportunidad para poder disfrutar de tipos de m\u00fasica y contextos diferentes!","robots":{"index":"index","follow":"follow","max-snippet":"max-snippet:-1","max-image-preview":"max-image-preview:large","max-video-preview":"max-video-preview:-1"},"canonical":"https:\/\/zumarte.eus\/instrumentuak\/perkusio-ikastaroak\/","og_locale":"es_ES","og_type":"article","og_title":"Clase de Percusi\u00f3n - Zumarte, Usurbil","og_description":"\u00a1Los instrumentos de percusi\u00f3n nos ofrecen una gran oportunidad para poder disfrutar de tipos de m\u00fasica y contextos diferentes!","og_url":"https:\/\/zumarte.eus\/instrumentuak\/perkusio-ikastaroak\/","og_site_name":"Zumarte","article_modified_time":"2020-05-24T06:39:31+00:00","og_image":[{"width":1438,"height":439,"url":"https:\/\/zumarte.eus\/wp-content\/uploads\/2018\/06\/zumarte-usurbilgo-musika-eskola.jpg","type":"image\/jpeg"}],"twitter_card":"summary_large_image","twitter_site":"@ZumarteMusika","schema":{"@context":"https:\/\/schema.org","@graph":[{"@type":"WebPage","@id":"https:\/\/zumarte.eus\/instrumentuak\/perkusio-ikastaroak\/","url":"https:\/\/zumarte.eus\/instrumentuak\/perkusio-ikastaroak\/","name":"Clase de Percusi\u00f3n - Zumarte, Usurbil","isPartOf":{"@id":"https:\/\/zumarte.eus\/#website"},"primaryImageOfPage":{"@id":"https:\/\/zumarte.eus\/instrumentuak\/perkusio-ikastaroak\/#primaryimage"},"image":{"@id":"https:\/\/zumarte.eus\/instrumentuak\/perkusio-ikastaroak\/#primaryimage"},"thumbnailUrl":"https:\/\/zumarte.eus\/wp-content\/uploads\/2020\/05\/Kbar-19-46.jpg","datePublished":"2018-08-23T10:07:28+00:00","dateModified":"2020-05-24T06:39:31+00:00","description":"\u00a1Los instrumentos de percusi\u00f3n nos ofrecen una gran oportunidad para poder disfrutar de tipos de m\u00fasica y contextos diferentes!","breadcrumb":{"@id":"https:\/\/zumarte.eus\/instrumentuak\/perkusio-ikastaroak\/#breadcrumb"},"inLanguage":"es","potentialAction":[{"@type":"ReadAction","target":["https:\/\/zumarte.eus\/instrumentuak\/perkusio-ikastaroak\/"]}]},{"@type":"ImageObject","inLanguage":"es","@id":"https:\/\/zumarte.eus\/instrumentuak\/perkusio-ikastaroak\/#primaryimage","url":"https:\/\/zumarte.eus\/wp-content\/uploads\/2020\/05\/Kbar-19-46.jpg","contentUrl":"https:\/\/zumarte.eus\/wp-content\/uploads\/2020\/05\/Kbar-19-46.jpg"},{"@type":"BreadcrumbList","@id":"https:\/\/zumarte.eus\/instrumentuak\/perkusio-ikastaroak\/#breadcrumb","itemListElement":[{"@type":"ListItem","position":1,"name":"Home","item":"https:\/\/zumarte.eus\/es\/"},{"@type":"ListItem","position":2,"name":"Instrumentos","item":"https:\/\/zumarte.eus\/instrumentuak\/"},{"@type":"ListItem","position":3,"name":"Percusi\u00f3n"}]},{"@type":"WebSite","@id":"https:\/\/zumarte.eus\/#website","url":"https:\/\/zumarte.eus\/","name":"Zumarte","description":"Usurbilgo musika eskola","potentialAction":[{"@type":"SearchAction","target":{"@type":"EntryPoint","urlTemplate":"https:\/\/zumarte.eus\/?s={search_term_string}"},"query-input":{"@type":"PropertyValueSpecification","valueRequired":true,"valueName":"search_term_string"}}],"inLanguage":"es"}]}},"post_mailing_queue_ids":[],"_links":{"self":[{"href":"https:\/\/zumarte.eus\/es\/wp-json\/wp\/v2\/pages\/4333","targetHints":{"allow":["GET"]}}],"collection":[{"href":"https:\/\/zumarte.eus\/es\/wp-json\/wp\/v2\/pages"}],"about":[{"href":"https:\/\/zumarte.eus\/es\/wp-json\/wp\/v2\/types\/page"}],"author":[{"embeddable":true,"href":"https:\/\/zumarte.eus\/es\/wp-json\/wp\/v2\/users\/1"}],"replies":[{"embeddable":true,"href":"https:\/\/zumarte.eus\/es\/wp-json\/wp\/v2\/comments?post=4333"}],"version-history":[{"count":6,"href":"https:\/\/zumarte.eus\/es\/wp-json\/wp\/v2\/pages\/4333\/revisions"}],"predecessor-version":[{"id":5539,"href":"https:\/\/zumarte.eus\/es\/wp-json\/wp\/v2\/pages\/4333\/revisions\/5539"}],"up":[{"embeddable":true,"href":"https:\/\/zumarte.eus\/es\/wp-json\/wp\/v2\/pages\/4382"}],"wp:attachment":[{"href":"https:\/\/zumarte.eus\/es\/wp-json\/wp\/v2\/media?parent=4333"}],"curies":[{"name":"wp","href":"https:\/\/api.w.org\/{rel}","templated":true}]}}