{"id":4341,"date":"2018-08-23T12:18:33","date_gmt":"2018-08-23T10:18:33","guid":{"rendered":"https:\/\/zumarte.eus\/?page_id=4341"},"modified":"2020-05-21T15:53:11","modified_gmt":"2020-05-21T13:53:11","slug":"zumarte","status":"publish","type":"page","link":"https:\/\/zumarte.eus\/es\/zumarte\/","title":{"rendered":"Zumarte"},"content":{"rendered":"<p>[vc_row][vc_column][vc_custom_heading text=\u00bbConoce nuestra historia\u00bb font_container=\u00bbtag:h1|text_align:left\u00bb use_theme_fonts=\u00bbyes\u00bb][\/vc_column][\/vc_row][vc_row][vc_column][vc_column_text]<strong>Zumarte Usurbilgo musika eskola<\/strong> se cre\u00f3 en el a\u00f1o 1984, por iniciativa de varios componetes del grupo de <strong>Txistularis de Usurbil<\/strong>. Como organismo aut\u00f3nomo, su objetivo es propagar y recuperar la cultura musical y sobre todo la m\u00fasica vasca en Us\u00farbil.[\/vc_column_text][\/vc_column][\/vc_row][vc_row][vc_column][vc_gallery type=\u00bbimage_grid\u00bb images=\u00bb4140,4139,4138&#8243; el_class=\u00bbzutabeak-3&#8243;][\/vc_column][\/vc_row][vc_row][vc_column][vc_column_text]<strong>Zumarte Usurbilgo musika eskola<\/strong>, es miembro de la <strong>Asociaci\u00f3n de Escuelas de M\u00fasica del Pa\u00eds Vasco (EHME)<\/strong> desde el a\u00f1o de creaci\u00f3n de la asociaci\u00f3n. Adem\u00e1s el coro es miembro de la <strong>Federaci\u00f3n de Coros del Pa\u00eds Vasco<\/strong>.<\/p>\n<p><strong>Zumarte Usurbilgo musika eskola<\/strong> organiza y participa en los conciertos conmemorativos \u00a0de Santa Cecilia, en la semana musical Soinurbil, tambi\u00e9n en conciertos pedag\u00f3gicos, en conciertos de fin de curso y en diferentes actividades de la localidad. Adem\u00e1s \u00a0<strong>participa en eventos y concursos que se organizan fuera de Us\u00farbil<\/strong>. Tambi\u00e9n <strong>a actuado fuera del Pa\u00eds Vasco<\/strong>: Guadalajara, Alcal\u00e1 de Henares, Catalu\u00f1a, Alemania, Islandia\u2026[\/vc_column_text][\/vc_column][\/vc_row][vc_row][vc_column][vc_gallery type=\u00bbimage_grid\u00bb images=\u00bb4137,4136,4135&#8243; el_class=\u00bbzutabeak-3&#8243;][\/vc_column][\/vc_row][vc_row][vc_column][vc_column_text]<strong>Zumarte Usurbilgo musika eskola<\/strong>, en sus inicios estaba situada en la casa Potxo-Enea contigua a la dema plaza, plaza de arrastre de bueyes y despu\u00e9s se traslad\u00f3 a \u201cVilla-Pilar\u201d edificio que est\u00e1 situado en la calle mayor. En 2018 el ayuntamiento comenz\u00f3 con los trabajos de reforma del edificio.<\/p>\n<p>[\/vc_column_text][\/vc_column][\/vc_row]<\/p>\n","protected":false},"excerpt":{"rendered":"<p>[vc_row][vc_column][vc_custom_heading text=\u00bbConoce nuestra historia\u00bb font_container=\u00bbtag:h1|text_align:left\u00bb use_theme_fonts=\u00bbyes\u00bb][\/vc_column][\/vc_row][vc_row][vc_column][vc_column_text]Zumarte Usurbilgo musika eskola se cre\u00f3 en el a\u00f1o 1984, por iniciativa de varios componetes del grupo de Txistularis de Usurbil. Como organismo aut\u00f3nomo, su &hellip; <\/p>\n","protected":false},"author":1,"featured_media":0,"parent":0,"menu_order":0,"comment_status":"closed","ping_status":"closed","template":"","meta":{"_monsterinsights_skip_tracking":false,"_monsterinsights_sitenote_active":false,"_monsterinsights_sitenote_note":"","_monsterinsights_sitenote_category":0,"footnotes":""},"class_list":["post-4341","page","type-page","status-publish","hentry"],"yoast_head":"<!-- This site is optimized with the Yoast SEO plugin v26.9 - https:\/\/yoast.com\/product\/yoast-seo-wordpress\/ -->\n<title>Zumarte - Zumarte, Usurbil<\/title>\n<meta name=\"description\" content=\"Zumarte Musika Eskola se cre\u00f3 en el a\u00f1o 1984. Su objetivo es propagar y recuperar la cultura musical y sobre todo la m\u00fasica vasca en Us\u00farbil.\" \/>\n<meta name=\"robots\" content=\"index, follow, max-snippet:-1, max-image-preview:large, max-video-preview:-1\" \/>\n<link rel=\"canonical\" href=\"https:\/\/zumarte.eus\/es\/zumarte\/\" \/>\n<meta property=\"og:locale\" content=\"es_ES\" \/>\n<meta property=\"og:type\" content=\"article\" \/>\n<meta property=\"og:title\" content=\"Zumarte - Zumarte, Usurbil\" \/>\n<meta property=\"og:description\" content=\"Zumarte Musika Eskola se cre\u00f3 en el a\u00f1o 1984. Su objetivo es propagar y recuperar la cultura musical y sobre todo la m\u00fasica vasca en Us\u00farbil.\" \/>\n<meta property=\"og:url\" content=\"https:\/\/zumarte.eus\/es\/zumarte\/\" \/>\n<meta property=\"og:site_name\" content=\"Zumarte\" \/>\n<meta property=\"article:modified_time\" content=\"2020-05-21T13:53:11+00:00\" \/>\n<meta property=\"og:image\" content=\"https:\/\/zumarte.eus\/wp-content\/uploads\/2018\/06\/zumarte-usurbilgo-musika-eskola.jpg\" \/>\n\t<meta property=\"og:image:width\" content=\"1438\" \/>\n\t<meta property=\"og:image:height\" content=\"439\" \/>\n\t<meta property=\"og:image:type\" content=\"image\/jpeg\" \/>\n<meta name=\"twitter:card\" content=\"summary_large_image\" \/>\n<meta name=\"twitter:site\" content=\"@ZumarteMusika\" \/>\n<meta name=\"twitter:label1\" content=\"Tiempo de lectura\" \/>\n\t<meta name=\"twitter:data1\" content=\"2 minutos\" \/>\n<script type=\"application\/ld+json\" class=\"yoast-schema-graph\">{\"@context\":\"https:\/\/schema.org\",\"@graph\":[{\"@type\":\"WebPage\",\"@id\":\"https:\/\/zumarte.eus\/es\/zumarte\/\",\"url\":\"https:\/\/zumarte.eus\/es\/zumarte\/\",\"name\":\"Zumarte - Zumarte, Usurbil\",\"isPartOf\":{\"@id\":\"https:\/\/zumarte.eus\/#website\"},\"datePublished\":\"2018-08-23T10:18:33+00:00\",\"dateModified\":\"2020-05-21T13:53:11+00:00\",\"description\":\"Zumarte Musika Eskola se cre\u00f3 en el a\u00f1o 1984. Su objetivo es propagar y recuperar la cultura musical y sobre todo la m\u00fasica vasca en Us\u00farbil.\",\"breadcrumb\":{\"@id\":\"https:\/\/zumarte.eus\/es\/zumarte\/#breadcrumb\"},\"inLanguage\":\"es\",\"potentialAction\":[{\"@type\":\"ReadAction\",\"target\":[\"https:\/\/zumarte.eus\/es\/zumarte\/\"]}]},{\"@type\":\"BreadcrumbList\",\"@id\":\"https:\/\/zumarte.eus\/es\/zumarte\/#breadcrumb\",\"itemListElement\":[{\"@type\":\"ListItem\",\"position\":1,\"name\":\"Home\",\"item\":\"https:\/\/zumarte.eus\/es\/\"},{\"@type\":\"ListItem\",\"position\":2,\"name\":\"Zumarte\"}]},{\"@type\":\"WebSite\",\"@id\":\"https:\/\/zumarte.eus\/#website\",\"url\":\"https:\/\/zumarte.eus\/\",\"name\":\"Zumarte\",\"description\":\"Usurbilgo musika eskola\",\"potentialAction\":[{\"@type\":\"SearchAction\",\"target\":{\"@type\":\"EntryPoint\",\"urlTemplate\":\"https:\/\/zumarte.eus\/?s={search_term_string}\"},\"query-input\":{\"@type\":\"PropertyValueSpecification\",\"valueRequired\":true,\"valueName\":\"search_term_string\"}}],\"inLanguage\":\"es\"}]}<\/script>\n<!-- \/ Yoast SEO plugin. -->","yoast_head_json":{"title":"Zumarte - Zumarte, Usurbil","description":"Zumarte Musika Eskola se cre\u00f3 en el a\u00f1o 1984. Su objetivo es propagar y recuperar la cultura musical y sobre todo la m\u00fasica vasca en Us\u00farbil.","robots":{"index":"index","follow":"follow","max-snippet":"max-snippet:-1","max-image-preview":"max-image-preview:large","max-video-preview":"max-video-preview:-1"},"canonical":"https:\/\/zumarte.eus\/es\/zumarte\/","og_locale":"es_ES","og_type":"article","og_title":"Zumarte - Zumarte, Usurbil","og_description":"Zumarte Musika Eskola se cre\u00f3 en el a\u00f1o 1984. Su objetivo es propagar y recuperar la cultura musical y sobre todo la m\u00fasica vasca en Us\u00farbil.","og_url":"https:\/\/zumarte.eus\/es\/zumarte\/","og_site_name":"Zumarte","article_modified_time":"2020-05-21T13:53:11+00:00","og_image":[{"width":1438,"height":439,"url":"https:\/\/zumarte.eus\/wp-content\/uploads\/2018\/06\/zumarte-usurbilgo-musika-eskola.jpg","type":"image\/jpeg"}],"twitter_card":"summary_large_image","twitter_site":"@ZumarteMusika","twitter_misc":{"Tiempo de lectura":"2 minutos"},"schema":{"@context":"https:\/\/schema.org","@graph":[{"@type":"WebPage","@id":"https:\/\/zumarte.eus\/es\/zumarte\/","url":"https:\/\/zumarte.eus\/es\/zumarte\/","name":"Zumarte - Zumarte, Usurbil","isPartOf":{"@id":"https:\/\/zumarte.eus\/#website"},"datePublished":"2018-08-23T10:18:33+00:00","dateModified":"2020-05-21T13:53:11+00:00","description":"Zumarte Musika Eskola se cre\u00f3 en el a\u00f1o 1984. Su objetivo es propagar y recuperar la cultura musical y sobre todo la m\u00fasica vasca en Us\u00farbil.","breadcrumb":{"@id":"https:\/\/zumarte.eus\/es\/zumarte\/#breadcrumb"},"inLanguage":"es","potentialAction":[{"@type":"ReadAction","target":["https:\/\/zumarte.eus\/es\/zumarte\/"]}]},{"@type":"BreadcrumbList","@id":"https:\/\/zumarte.eus\/es\/zumarte\/#breadcrumb","itemListElement":[{"@type":"ListItem","position":1,"name":"Home","item":"https:\/\/zumarte.eus\/es\/"},{"@type":"ListItem","position":2,"name":"Zumarte"}]},{"@type":"WebSite","@id":"https:\/\/zumarte.eus\/#website","url":"https:\/\/zumarte.eus\/","name":"Zumarte","description":"Usurbilgo musika eskola","potentialAction":[{"@type":"SearchAction","target":{"@type":"EntryPoint","urlTemplate":"https:\/\/zumarte.eus\/?s={search_term_string}"},"query-input":{"@type":"PropertyValueSpecification","valueRequired":true,"valueName":"search_term_string"}}],"inLanguage":"es"}]}},"post_mailing_queue_ids":[],"_links":{"self":[{"href":"https:\/\/zumarte.eus\/es\/wp-json\/wp\/v2\/pages\/4341","targetHints":{"allow":["GET"]}}],"collection":[{"href":"https:\/\/zumarte.eus\/es\/wp-json\/wp\/v2\/pages"}],"about":[{"href":"https:\/\/zumarte.eus\/es\/wp-json\/wp\/v2\/types\/page"}],"author":[{"embeddable":true,"href":"https:\/\/zumarte.eus\/es\/wp-json\/wp\/v2\/users\/1"}],"replies":[{"embeddable":true,"href":"https:\/\/zumarte.eus\/es\/wp-json\/wp\/v2\/comments?post=4341"}],"version-history":[{"count":6,"href":"https:\/\/zumarte.eus\/es\/wp-json\/wp\/v2\/pages\/4341\/revisions"}],"predecessor-version":[{"id":5480,"href":"https:\/\/zumarte.eus\/es\/wp-json\/wp\/v2\/pages\/4341\/revisions\/5480"}],"wp:attachment":[{"href":"https:\/\/zumarte.eus\/es\/wp-json\/wp\/v2\/media?parent=4341"}],"curies":[{"name":"wp","href":"https:\/\/api.w.org\/{rel}","templated":true}]}}