{"id":4354,"date":"2018-08-23T12:23:51","date_gmt":"2018-08-23T10:23:51","guid":{"rendered":"https:\/\/zumarte.eus\/?page_id=4354"},"modified":"2020-05-24T08:48:14","modified_gmt":"2020-05-24T06:48:14","slug":"cursos-saxofon","status":"publish","type":"page","link":"https:\/\/zumarte.eus\/es\/instrumentos\/cursos-saxofon\/","title":{"rendered":"Saxof\u00f3n"},"content":{"rendered":"<p>Profesor, Aritz Ostolaza &#8211; aostolaza@zumarte.eus<\/p>\n<p>El saxof\u00f3n es un instrumento de viento de leng\u00fceta simple, con tubo c\u00f3nico y llaves. Es de metal pero se clasifica con los instrumentos de madera. Es una familia de instrumentos creada por Adolphe Sax.<\/p>\n<p>Los hay de diferentes tama\u00f1os y afinaciones; los m\u00e1s habituales son el soprano (Sib), el alto (Mib), el tenor (Sib) y el bar\u00edtono (Mib). Excepto el soprano que tiene el tubo recto, los dem\u00e1s lo tienen recodado. Se utilizan sobre todo en las bandas, en el jazz y en la m\u00fasica-popular.<\/p>\n<div id=\"erdyt-69f421b4d5848\" data-id=\"ANOE6xFr3_k\" class=\"erd-youtube-responsive\" style=\"display:block;position:relative;clear:both;width:100%;max-width:100%;margin-left:auto;margin-right:auto;\"><div style=\"padding-bottom:56.25%;\"><div class=\"erd-ytplay\" id=\"erdytp-ANOE6xFr3_k-69f421b4d5848\" data-vid=\"ANOE6xFr3_k\"   data-src=\"https:\/\/www.youtube.com\/embed\/ANOE6xFr3_k?loop=1&#038;autoplay=1&#038;rel=0\" data-allowfullscreen=\"true\"><img decoding=\"async\" data-src=\"https:\/\/i.ytimg.com\/vi\/ANOE6xFr3_k\/hqdefault.jpg\" alt=\"YouTube Video\" src=\"data:image\/svg+xml;base64,PHN2ZyB3aWR0aD0iMSIgaGVpZ2h0PSIxIiB4bWxucz0iaHR0cDovL3d3dy53My5vcmcvMjAwMC9zdmciPjwvc3ZnPg==\" class=\"lazyload\" \/><\/div><\/div><\/div>\n","protected":false},"excerpt":{"rendered":"<p>Profesor, Aritz Ostolaza &#8211; aostolaza@zumarte.eus El saxof\u00f3n es un instrumento de viento de leng\u00fceta simple, con tubo c\u00f3nico y llaves. Es de metal pero se clasifica con los instrumentos de &hellip; <\/p>\n","protected":false},"author":1,"featured_media":0,"parent":4382,"menu_order":0,"comment_status":"closed","ping_status":"closed","template":"","meta":{"_monsterinsights_skip_tracking":false,"_monsterinsights_sitenote_active":false,"_monsterinsights_sitenote_note":"","_monsterinsights_sitenote_category":0,"footnotes":""},"class_list":["post-4354","page","type-page","status-publish","hentry"],"yoast_head":"<!-- This site is optimized with the Yoast SEO plugin v26.9 - https:\/\/yoast.com\/product\/yoast-seo-wordpress\/ -->\n<title>Clases de Saxof\u00f3n - Zumarte, Usurbil<\/title>\n<meta name=\"description\" content=\"Instrumento de viento de leng\u00fceta simple, con tubo c\u00f3nico y llaves. Se utilizan sobre todo en las bandas, en el jazz y en la m\u00fasica-popular.\" \/>\n<meta name=\"robots\" content=\"index, follow, max-snippet:-1, max-image-preview:large, max-video-preview:-1\" \/>\n<link rel=\"canonical\" href=\"https:\/\/zumarte.eus\/instrumentuak\/saxofoi-ikastaroak\/\" \/>\n<meta property=\"og:locale\" content=\"es_ES\" \/>\n<meta property=\"og:type\" content=\"article\" \/>\n<meta property=\"og:title\" content=\"Clases de Saxof\u00f3n - Zumarte, Usurbil\" \/>\n<meta property=\"og:description\" content=\"Instrumento de viento de leng\u00fceta simple, con tubo c\u00f3nico y llaves. Se utilizan sobre todo en las bandas, en el jazz y en la m\u00fasica-popular.\" \/>\n<meta property=\"og:url\" content=\"https:\/\/zumarte.eus\/instrumentuak\/saxofoi-ikastaroak\/\" \/>\n<meta property=\"og:site_name\" content=\"Zumarte\" \/>\n<meta property=\"article:modified_time\" content=\"2020-05-24T06:48:14+00:00\" \/>\n<meta property=\"og:image\" content=\"https:\/\/zumarte.eus\/wp-content\/uploads\/2018\/06\/zumarte-usurbilgo-musika-eskola.jpg\" \/>\n\t<meta property=\"og:image:width\" content=\"1438\" \/>\n\t<meta property=\"og:image:height\" content=\"439\" \/>\n\t<meta property=\"og:image:type\" content=\"image\/jpeg\" \/>\n<meta name=\"twitter:card\" content=\"summary_large_image\" \/>\n<meta name=\"twitter:site\" content=\"@ZumarteMusika\" \/>\n<meta name=\"twitter:label1\" content=\"Tiempo de lectura\" \/>\n\t<meta name=\"twitter:data1\" content=\"1 minuto\" \/>\n<script type=\"application\/ld+json\" class=\"yoast-schema-graph\">{\"@context\":\"https:\/\/schema.org\",\"@graph\":[{\"@type\":\"WebPage\",\"@id\":\"https:\/\/zumarte.eus\/instrumentuak\/saxofoi-ikastaroak\/\",\"url\":\"https:\/\/zumarte.eus\/instrumentuak\/saxofoi-ikastaroak\/\",\"name\":\"Clases de Saxof\u00f3n - Zumarte, Usurbil\",\"isPartOf\":{\"@id\":\"https:\/\/zumarte.eus\/#website\"},\"datePublished\":\"2018-08-23T10:23:51+00:00\",\"dateModified\":\"2020-05-24T06:48:14+00:00\",\"description\":\"Instrumento de viento de leng\u00fceta simple, con tubo c\u00f3nico y llaves. Se utilizan sobre todo en las bandas, en el jazz y en la m\u00fasica-popular.\",\"breadcrumb\":{\"@id\":\"https:\/\/zumarte.eus\/instrumentuak\/saxofoi-ikastaroak\/#breadcrumb\"},\"inLanguage\":\"es\",\"potentialAction\":[{\"@type\":\"ReadAction\",\"target\":[\"https:\/\/zumarte.eus\/instrumentuak\/saxofoi-ikastaroak\/\"]}]},{\"@type\":\"BreadcrumbList\",\"@id\":\"https:\/\/zumarte.eus\/instrumentuak\/saxofoi-ikastaroak\/#breadcrumb\",\"itemListElement\":[{\"@type\":\"ListItem\",\"position\":1,\"name\":\"Home\",\"item\":\"https:\/\/zumarte.eus\/es\/\"},{\"@type\":\"ListItem\",\"position\":2,\"name\":\"Instrumentos\",\"item\":\"https:\/\/zumarte.eus\/instrumentuak\/\"},{\"@type\":\"ListItem\",\"position\":3,\"name\":\"Saxof\u00f3n\"}]},{\"@type\":\"WebSite\",\"@id\":\"https:\/\/zumarte.eus\/#website\",\"url\":\"https:\/\/zumarte.eus\/\",\"name\":\"Zumarte\",\"description\":\"Usurbilgo musika eskola\",\"potentialAction\":[{\"@type\":\"SearchAction\",\"target\":{\"@type\":\"EntryPoint\",\"urlTemplate\":\"https:\/\/zumarte.eus\/?s={search_term_string}\"},\"query-input\":{\"@type\":\"PropertyValueSpecification\",\"valueRequired\":true,\"valueName\":\"search_term_string\"}}],\"inLanguage\":\"es\"}]}<\/script>\n<!-- \/ Yoast SEO plugin. -->","yoast_head_json":{"title":"Clases de Saxof\u00f3n - Zumarte, Usurbil","description":"Instrumento de viento de leng\u00fceta simple, con tubo c\u00f3nico y llaves. Se utilizan sobre todo en las bandas, en el jazz y en la m\u00fasica-popular.","robots":{"index":"index","follow":"follow","max-snippet":"max-snippet:-1","max-image-preview":"max-image-preview:large","max-video-preview":"max-video-preview:-1"},"canonical":"https:\/\/zumarte.eus\/instrumentuak\/saxofoi-ikastaroak\/","og_locale":"es_ES","og_type":"article","og_title":"Clases de Saxof\u00f3n - Zumarte, Usurbil","og_description":"Instrumento de viento de leng\u00fceta simple, con tubo c\u00f3nico y llaves. Se utilizan sobre todo en las bandas, en el jazz y en la m\u00fasica-popular.","og_url":"https:\/\/zumarte.eus\/instrumentuak\/saxofoi-ikastaroak\/","og_site_name":"Zumarte","article_modified_time":"2020-05-24T06:48:14+00:00","og_image":[{"width":1438,"height":439,"url":"https:\/\/zumarte.eus\/wp-content\/uploads\/2018\/06\/zumarte-usurbilgo-musika-eskola.jpg","type":"image\/jpeg"}],"twitter_card":"summary_large_image","twitter_site":"@ZumarteMusika","twitter_misc":{"Tiempo de lectura":"1 minuto"},"schema":{"@context":"https:\/\/schema.org","@graph":[{"@type":"WebPage","@id":"https:\/\/zumarte.eus\/instrumentuak\/saxofoi-ikastaroak\/","url":"https:\/\/zumarte.eus\/instrumentuak\/saxofoi-ikastaroak\/","name":"Clases de Saxof\u00f3n - Zumarte, Usurbil","isPartOf":{"@id":"https:\/\/zumarte.eus\/#website"},"datePublished":"2018-08-23T10:23:51+00:00","dateModified":"2020-05-24T06:48:14+00:00","description":"Instrumento de viento de leng\u00fceta simple, con tubo c\u00f3nico y llaves. Se utilizan sobre todo en las bandas, en el jazz y en la m\u00fasica-popular.","breadcrumb":{"@id":"https:\/\/zumarte.eus\/instrumentuak\/saxofoi-ikastaroak\/#breadcrumb"},"inLanguage":"es","potentialAction":[{"@type":"ReadAction","target":["https:\/\/zumarte.eus\/instrumentuak\/saxofoi-ikastaroak\/"]}]},{"@type":"BreadcrumbList","@id":"https:\/\/zumarte.eus\/instrumentuak\/saxofoi-ikastaroak\/#breadcrumb","itemListElement":[{"@type":"ListItem","position":1,"name":"Home","item":"https:\/\/zumarte.eus\/es\/"},{"@type":"ListItem","position":2,"name":"Instrumentos","item":"https:\/\/zumarte.eus\/instrumentuak\/"},{"@type":"ListItem","position":3,"name":"Saxof\u00f3n"}]},{"@type":"WebSite","@id":"https:\/\/zumarte.eus\/#website","url":"https:\/\/zumarte.eus\/","name":"Zumarte","description":"Usurbilgo musika eskola","potentialAction":[{"@type":"SearchAction","target":{"@type":"EntryPoint","urlTemplate":"https:\/\/zumarte.eus\/?s={search_term_string}"},"query-input":{"@type":"PropertyValueSpecification","valueRequired":true,"valueName":"search_term_string"}}],"inLanguage":"es"}]}},"post_mailing_queue_ids":[],"_links":{"self":[{"href":"https:\/\/zumarte.eus\/es\/wp-json\/wp\/v2\/pages\/4354","targetHints":{"allow":["GET"]}}],"collection":[{"href":"https:\/\/zumarte.eus\/es\/wp-json\/wp\/v2\/pages"}],"about":[{"href":"https:\/\/zumarte.eus\/es\/wp-json\/wp\/v2\/types\/page"}],"author":[{"embeddable":true,"href":"https:\/\/zumarte.eus\/es\/wp-json\/wp\/v2\/users\/1"}],"replies":[{"embeddable":true,"href":"https:\/\/zumarte.eus\/es\/wp-json\/wp\/v2\/comments?post=4354"}],"version-history":[{"count":6,"href":"https:\/\/zumarte.eus\/es\/wp-json\/wp\/v2\/pages\/4354\/revisions"}],"predecessor-version":[{"id":5545,"href":"https:\/\/zumarte.eus\/es\/wp-json\/wp\/v2\/pages\/4354\/revisions\/5545"}],"up":[{"embeddable":true,"href":"https:\/\/zumarte.eus\/es\/wp-json\/wp\/v2\/pages\/4382"}],"wp:attachment":[{"href":"https:\/\/zumarte.eus\/es\/wp-json\/wp\/v2\/media?parent=4354"}],"curies":[{"name":"wp","href":"https:\/\/api.w.org\/{rel}","templated":true}]}}