{"id":4361,"date":"2018-08-23T12:28:44","date_gmt":"2018-08-23T10:28:44","guid":{"rendered":"https:\/\/zumarte.eus\/?page_id=4361"},"modified":"2024-09-05T10:34:12","modified_gmt":"2024-09-05T08:34:12","slug":"cursos-trikitixa-y-pandero","status":"publish","type":"page","link":"https:\/\/zumarte.eus\/es\/instrumentos\/cursos-trikitixa-y-pandero\/","title":{"rendered":"Trikitixa y Pandero"},"content":{"rendered":"<p>La trikitixa es un acorde\u00f3n diat\u00f3nico que se utiliza en la m\u00fasica popular de Euskal Herria y por su parte el pandero es un instrumento de percusi\u00f3n formado por una piel que se tensa en un soporte. Se utiliza en diferentes tipos de m\u00fasica popular y hay de variados tipos.<\/p>\n<p>\u00bfTe gusta la m\u00fasica? \u00a1Disfruta tocando la trikitixa y el pandero!<\/p>\n<div id=\"erdyt-69e163ff94854\" data-id=\"Yusfl5KzcvQ\" class=\"erd-youtube-responsive\" style=\"display:block;position:relative;clear:both;width:100%;max-width:100%;margin-left:auto;margin-right:auto;\"><div style=\"padding-bottom:56.25%;\"><div class=\"erd-ytplay\" id=\"erdytp-Yusfl5KzcvQ-69e163ff94854\" data-vid=\"Yusfl5KzcvQ\"   data-src=\"https:\/\/www.youtube.com\/embed\/Yusfl5KzcvQ?loop=1&#038;autoplay=1&#038;rel=0\" data-allowfullscreen=\"true\"><img decoding=\"async\" data-src=\"https:\/\/i.ytimg.com\/vi\/Yusfl5KzcvQ\/hqdefault.jpg\" alt=\"YouTube Video\" src=\"data:image\/svg+xml;base64,PHN2ZyB3aWR0aD0iMSIgaGVpZ2h0PSIxIiB4bWxucz0iaHR0cDovL3d3dy53My5vcmcvMjAwMC9zdmciPjwvc3ZnPg==\" class=\"lazyload\" \/><\/div><\/div><\/div>\n","protected":false},"excerpt":{"rendered":"<p>La trikitixa es un acorde\u00f3n diat\u00f3nico que se utiliza en la m\u00fasica popular de Euskal Herria y por su parte el pandero es un instrumento de percusi\u00f3n formado por una &hellip; <\/p>\n","protected":false},"author":1,"featured_media":0,"parent":4382,"menu_order":0,"comment_status":"closed","ping_status":"closed","template":"","meta":{"_monsterinsights_skip_tracking":false,"_monsterinsights_sitenote_active":false,"_monsterinsights_sitenote_note":"","_monsterinsights_sitenote_category":0,"footnotes":""},"class_list":["post-4361","page","type-page","status-publish","hentry"],"yoast_head":"<!-- This site is optimized with the Yoast SEO plugin v26.9 - https:\/\/yoast.com\/product\/yoast-seo-wordpress\/ -->\n<title>Clases de Trikitixa y Pandero - Zumarte, Usurbil<\/title>\n<meta name=\"description\" content=\"La trikitixa es un acorde\u00f3n diat\u00f3nico que se utiliza en la m\u00fasica popular del Pa\u00eds Vasco y el pandero es un instrumento de percusi\u00f3n formado con una piel que se tensa en un soporte.\" \/>\n<meta name=\"robots\" content=\"index, follow, max-snippet:-1, max-image-preview:large, max-video-preview:-1\" \/>\n<link rel=\"canonical\" href=\"https:\/\/zumarte.eus\/instrumentuak\/trikitixa-pandero-ikastaroak\/\" \/>\n<meta property=\"og:locale\" content=\"es_ES\" \/>\n<meta property=\"og:type\" content=\"article\" \/>\n<meta property=\"og:title\" content=\"Clases de Trikitixa y Pandero - Zumarte, Usurbil\" \/>\n<meta property=\"og:description\" content=\"La trikitixa es un acorde\u00f3n diat\u00f3nico que se utiliza en la m\u00fasica popular del Pa\u00eds Vasco y el pandero es un instrumento de percusi\u00f3n formado con una piel que se tensa en un soporte.\" \/>\n<meta property=\"og:url\" content=\"https:\/\/zumarte.eus\/instrumentuak\/trikitixa-pandero-ikastaroak\/\" \/>\n<meta property=\"og:site_name\" content=\"Zumarte\" \/>\n<meta property=\"article:modified_time\" content=\"2024-09-05T08:34:12+00:00\" \/>\n<meta property=\"og:image\" content=\"https:\/\/zumarte.eus\/wp-content\/uploads\/2018\/06\/zumarte-usurbilgo-musika-eskola.jpg\" \/>\n\t<meta property=\"og:image:width\" content=\"1438\" \/>\n\t<meta property=\"og:image:height\" content=\"439\" \/>\n\t<meta property=\"og:image:type\" content=\"image\/jpeg\" \/>\n<meta name=\"twitter:card\" content=\"summary_large_image\" \/>\n<meta name=\"twitter:site\" content=\"@ZumarteMusika\" \/>\n<meta name=\"twitter:label1\" content=\"Tiempo de lectura\" \/>\n\t<meta name=\"twitter:data1\" content=\"1 minuto\" \/>\n<script type=\"application\/ld+json\" class=\"yoast-schema-graph\">{\"@context\":\"https:\/\/schema.org\",\"@graph\":[{\"@type\":\"WebPage\",\"@id\":\"https:\/\/zumarte.eus\/instrumentuak\/trikitixa-pandero-ikastaroak\/\",\"url\":\"https:\/\/zumarte.eus\/instrumentuak\/trikitixa-pandero-ikastaroak\/\",\"name\":\"Clases de Trikitixa y Pandero - Zumarte, Usurbil\",\"isPartOf\":{\"@id\":\"https:\/\/zumarte.eus\/#website\"},\"datePublished\":\"2018-08-23T10:28:44+00:00\",\"dateModified\":\"2024-09-05T08:34:12+00:00\",\"description\":\"La trikitixa es un acorde\u00f3n diat\u00f3nico que se utiliza en la m\u00fasica popular del Pa\u00eds Vasco y el pandero es un instrumento de percusi\u00f3n formado con una piel que se tensa en un soporte.\",\"breadcrumb\":{\"@id\":\"https:\/\/zumarte.eus\/instrumentuak\/trikitixa-pandero-ikastaroak\/#breadcrumb\"},\"inLanguage\":\"es\",\"potentialAction\":[{\"@type\":\"ReadAction\",\"target\":[\"https:\/\/zumarte.eus\/instrumentuak\/trikitixa-pandero-ikastaroak\/\"]}]},{\"@type\":\"BreadcrumbList\",\"@id\":\"https:\/\/zumarte.eus\/instrumentuak\/trikitixa-pandero-ikastaroak\/#breadcrumb\",\"itemListElement\":[{\"@type\":\"ListItem\",\"position\":1,\"name\":\"Home\",\"item\":\"https:\/\/zumarte.eus\/es\/\"},{\"@type\":\"ListItem\",\"position\":2,\"name\":\"Instrumentos\",\"item\":\"https:\/\/zumarte.eus\/instrumentuak\/\"},{\"@type\":\"ListItem\",\"position\":3,\"name\":\"Trikitixa y Pandero\"}]},{\"@type\":\"WebSite\",\"@id\":\"https:\/\/zumarte.eus\/#website\",\"url\":\"https:\/\/zumarte.eus\/\",\"name\":\"Zumarte\",\"description\":\"Usurbilgo musika eskola\",\"potentialAction\":[{\"@type\":\"SearchAction\",\"target\":{\"@type\":\"EntryPoint\",\"urlTemplate\":\"https:\/\/zumarte.eus\/?s={search_term_string}\"},\"query-input\":{\"@type\":\"PropertyValueSpecification\",\"valueRequired\":true,\"valueName\":\"search_term_string\"}}],\"inLanguage\":\"es\"}]}<\/script>\n<!-- \/ Yoast SEO plugin. -->","yoast_head_json":{"title":"Clases de Trikitixa y Pandero - Zumarte, Usurbil","description":"La trikitixa es un acorde\u00f3n diat\u00f3nico que se utiliza en la m\u00fasica popular del Pa\u00eds Vasco y el pandero es un instrumento de percusi\u00f3n formado con una piel que se tensa en un soporte.","robots":{"index":"index","follow":"follow","max-snippet":"max-snippet:-1","max-image-preview":"max-image-preview:large","max-video-preview":"max-video-preview:-1"},"canonical":"https:\/\/zumarte.eus\/instrumentuak\/trikitixa-pandero-ikastaroak\/","og_locale":"es_ES","og_type":"article","og_title":"Clases de Trikitixa y Pandero - Zumarte, Usurbil","og_description":"La trikitixa es un acorde\u00f3n diat\u00f3nico que se utiliza en la m\u00fasica popular del Pa\u00eds Vasco y el pandero es un instrumento de percusi\u00f3n formado con una piel que se tensa en un soporte.","og_url":"https:\/\/zumarte.eus\/instrumentuak\/trikitixa-pandero-ikastaroak\/","og_site_name":"Zumarte","article_modified_time":"2024-09-05T08:34:12+00:00","og_image":[{"width":1438,"height":439,"url":"https:\/\/zumarte.eus\/wp-content\/uploads\/2018\/06\/zumarte-usurbilgo-musika-eskola.jpg","type":"image\/jpeg"}],"twitter_card":"summary_large_image","twitter_site":"@ZumarteMusika","twitter_misc":{"Tiempo de lectura":"1 minuto"},"schema":{"@context":"https:\/\/schema.org","@graph":[{"@type":"WebPage","@id":"https:\/\/zumarte.eus\/instrumentuak\/trikitixa-pandero-ikastaroak\/","url":"https:\/\/zumarte.eus\/instrumentuak\/trikitixa-pandero-ikastaroak\/","name":"Clases de Trikitixa y Pandero - Zumarte, Usurbil","isPartOf":{"@id":"https:\/\/zumarte.eus\/#website"},"datePublished":"2018-08-23T10:28:44+00:00","dateModified":"2024-09-05T08:34:12+00:00","description":"La trikitixa es un acorde\u00f3n diat\u00f3nico que se utiliza en la m\u00fasica popular del Pa\u00eds Vasco y el pandero es un instrumento de percusi\u00f3n formado con una piel que se tensa en un soporte.","breadcrumb":{"@id":"https:\/\/zumarte.eus\/instrumentuak\/trikitixa-pandero-ikastaroak\/#breadcrumb"},"inLanguage":"es","potentialAction":[{"@type":"ReadAction","target":["https:\/\/zumarte.eus\/instrumentuak\/trikitixa-pandero-ikastaroak\/"]}]},{"@type":"BreadcrumbList","@id":"https:\/\/zumarte.eus\/instrumentuak\/trikitixa-pandero-ikastaroak\/#breadcrumb","itemListElement":[{"@type":"ListItem","position":1,"name":"Home","item":"https:\/\/zumarte.eus\/es\/"},{"@type":"ListItem","position":2,"name":"Instrumentos","item":"https:\/\/zumarte.eus\/instrumentuak\/"},{"@type":"ListItem","position":3,"name":"Trikitixa y Pandero"}]},{"@type":"WebSite","@id":"https:\/\/zumarte.eus\/#website","url":"https:\/\/zumarte.eus\/","name":"Zumarte","description":"Usurbilgo musika eskola","potentialAction":[{"@type":"SearchAction","target":{"@type":"EntryPoint","urlTemplate":"https:\/\/zumarte.eus\/?s={search_term_string}"},"query-input":{"@type":"PropertyValueSpecification","valueRequired":true,"valueName":"search_term_string"}}],"inLanguage":"es"}]}},"post_mailing_queue_ids":[],"_links":{"self":[{"href":"https:\/\/zumarte.eus\/es\/wp-json\/wp\/v2\/pages\/4361","targetHints":{"allow":["GET"]}}],"collection":[{"href":"https:\/\/zumarte.eus\/es\/wp-json\/wp\/v2\/pages"}],"about":[{"href":"https:\/\/zumarte.eus\/es\/wp-json\/wp\/v2\/types\/page"}],"author":[{"embeddable":true,"href":"https:\/\/zumarte.eus\/es\/wp-json\/wp\/v2\/users\/1"}],"replies":[{"embeddable":true,"href":"https:\/\/zumarte.eus\/es\/wp-json\/wp\/v2\/comments?post=4361"}],"version-history":[{"count":7,"href":"https:\/\/zumarte.eus\/es\/wp-json\/wp\/v2\/pages\/4361\/revisions"}],"predecessor-version":[{"id":6855,"href":"https:\/\/zumarte.eus\/es\/wp-json\/wp\/v2\/pages\/4361\/revisions\/6855"}],"up":[{"embeddable":true,"href":"https:\/\/zumarte.eus\/es\/wp-json\/wp\/v2\/pages\/4382"}],"wp:attachment":[{"href":"https:\/\/zumarte.eus\/es\/wp-json\/wp\/v2\/media?parent=4361"}],"curies":[{"name":"wp","href":"https:\/\/api.w.org\/{rel}","templated":true}]}}