{"id":4387,"date":"2018-08-24T09:24:07","date_gmt":"2018-08-24T07:24:07","guid":{"rendered":"https:\/\/zumarte.eus\/?page_id=4387"},"modified":"2018-08-24T09:24:33","modified_gmt":"2018-08-24T07:24:33","slug":"politica-de-cookies","status":"publish","type":"page","link":"https:\/\/zumarte.eus\/es\/politica-de-cookies\/","title":{"rendered":"Politica de cookies"},"content":{"rendered":"<p>El Real Decreto-ley 13\/2012, del 30 de marzo, dispone hasta qu\u00e9 punto debe detallarse informaci\u00f3n sobre las cookies, por lo que, para su cumplimiento, en esta p\u00e1gina se informa sobre la pol\u00edtica de cookies de Zumarte. Una cookie es un fichero que se descarga en el ordenador al acceder a determinadas p\u00e1ginas web. Las cookies permiten a una p\u00e1gina web, entre otras cosas, almacenar y recuperar informaci\u00f3n sobre los h\u00e1bitos de navegaci\u00f3n de una persona usuaria o de su equipo y, dependiendo de la informaci\u00f3n que contengan y de la forma en que utilice su equipo, pueden utilizarse para reconocer a la persona usuaria.<\/p>\n<p>Tipos de cookies que utiliza esta p\u00e1gina web:<\/p>\n<p>Nuestro sitio web utiliza tanto cookies propias como de terceros. Las cookies de terceros que utiliza Zumarte son las cookies de an\u00e1lisis de Google Analytics; no se utilizan cookies de publicidad ni relacionadas con publicidad comportamental.<\/p>\n<p>Cookies de an\u00e1lisis son aqu\u00e9llas que permiten cuantificar el n\u00famero de personas usuarias y as\u00ed realizar la medici\u00f3n y an\u00e1lisis estad\u00edstico de la utilizaci\u00f3n del servicio web. Zumarte analiza la navegaci\u00f3n en la p\u00e1gina web, con el fin de mejorar la oferta de servicios.<br \/>\nCookies propias son aquellas que la propia Zumarte env\u00eda al equipo de la persona usuaria desde un equipo o dominio gestionado por ella y desde el que se presta el servicio solicitado por la persona usuaria. Dichas cookies no est\u00e1n incluidas en el \u00e1mbito de aplicaci\u00f3n del art\u00edculo 22.2 de la Ley de Servicios de la Sociedad de la Informaci\u00f3n, por lo que no es necesario informar sobre ellas o solicitar permiso para su utilizaci\u00f3n.<br \/>\nInformaci\u00f3n sobre la desactivaci\u00f3n o eliminaci\u00f3n de las cookies<\/p>\n<p>Puede usted permitir, bloquear o eliminar las cookies instaladas en su equipo mediante la configuraci\u00f3n de las opciones del navegador instalado en su ordenador:<\/p>\n<p>Informaci\u00f3n sobre las cookies en Internet Explorer:<br \/>\n<a href=\"https:\/\/support.microsoft.com\/es-es\/help\/17442\/windows-internet-explorer-delete-manage-cookies#ie=ie-9\" target=\"_blank\" rel=\"noopener\">https:\/\/support.microsoft.com\/es-es\/help\/17442\/windows-internet-explorer-delete-manage-cookies#ie=ie-9<\/a><\/p>\n<p>Informaci\u00f3n sobre las cookies en Google Chrome:<br \/>\n<a href=\"https:\/\/support.google.com\/chrome\/answer\/95647?hl=es\" target=\"_blank\" rel=\"noopener\">https:\/\/support.google.com\/chrome\/answer\/95647?hl=es<\/a><\/p>\n<p>Informaci\u00f3n sobre las cookies en Mozilla Firefox:<br \/>\n<a href=\"https:\/\/support.mozilla.org\/es\/kb\/habilitar-y-deshabilitar-cookies-sitios-web-rastrear-preferencias\" target=\"_blank\" rel=\"noopener\">https:\/\/support.mozilla.org\/es\/kb\/habilitar-y-deshabilitar-cookies-sitios-web-rastrear-preferencias<\/a><\/p>\n<p>Informaci\u00f3n sobre las cookies en Safari:<br \/>\n<a href=\"https:\/\/www.apple.com\/legal\/privacy\/es\/cookies\/\" target=\"_blank\" rel=\"noopener\">https:\/\/www.apple.com\/legal\/privacy\/es\/cookies\/<\/a><\/p>\n<p>Si la persona usuaria desea invalidar la cookie de an\u00e1lisis de este sitio web, puede utilizar los sistemas de exclusi\u00f3n facilitados por Google Analytics.<\/p>\n","protected":false},"excerpt":{"rendered":"<p>El Real Decreto-ley 13\/2012, del 30 de marzo, dispone hasta qu\u00e9 punto debe detallarse informaci\u00f3n sobre las cookies, por lo que, para su cumplimiento, en esta p\u00e1gina se informa sobre &hellip; <\/p>\n","protected":false},"author":1,"featured_media":0,"parent":0,"menu_order":0,"comment_status":"closed","ping_status":"closed","template":"","meta":{"_monsterinsights_skip_tracking":false,"_monsterinsights_sitenote_active":false,"_monsterinsights_sitenote_note":"","_monsterinsights_sitenote_category":0,"footnotes":""},"class_list":["post-4387","page","type-page","status-publish","hentry"],"yoast_head":"<!-- This site is optimized with the Yoast SEO plugin v26.9 - https:\/\/yoast.com\/product\/yoast-seo-wordpress\/ -->\n<title>Politica de cookies - Zumarte<\/title>\n<meta name=\"robots\" content=\"index, follow, max-snippet:-1, max-image-preview:large, max-video-preview:-1\" \/>\n<link rel=\"canonical\" href=\"https:\/\/zumarte.eus\/es\/politica-de-cookies\/\" \/>\n<meta property=\"og:locale\" content=\"es_ES\" \/>\n<meta property=\"og:type\" content=\"article\" \/>\n<meta property=\"og:title\" content=\"Politica de cookies - Zumarte\" \/>\n<meta property=\"og:description\" content=\"El Real Decreto-ley 13\/2012, del 30 de marzo, dispone hasta qu\u00e9 punto debe detallarse informaci\u00f3n sobre las cookies, por lo que, para su cumplimiento, en esta p\u00e1gina se informa sobre &hellip;\" \/>\n<meta property=\"og:url\" content=\"https:\/\/zumarte.eus\/es\/politica-de-cookies\/\" \/>\n<meta property=\"og:site_name\" content=\"Zumarte\" \/>\n<meta property=\"article:modified_time\" content=\"2018-08-24T07:24:33+00:00\" \/>\n<meta name=\"twitter:card\" content=\"summary_large_image\" \/>\n<meta name=\"twitter:site\" content=\"@ZumarteMusika\" \/>\n<meta name=\"twitter:label1\" content=\"Tiempo de lectura\" \/>\n\t<meta name=\"twitter:data1\" content=\"2 minutos\" \/>\n<script type=\"application\/ld+json\" class=\"yoast-schema-graph\">{\"@context\":\"https:\/\/schema.org\",\"@graph\":[{\"@type\":\"WebPage\",\"@id\":\"https:\/\/zumarte.eus\/es\/politica-de-cookies\/\",\"url\":\"https:\/\/zumarte.eus\/es\/politica-de-cookies\/\",\"name\":\"Politica de cookies - Zumarte\",\"isPartOf\":{\"@id\":\"https:\/\/zumarte.eus\/#website\"},\"datePublished\":\"2018-08-24T07:24:07+00:00\",\"dateModified\":\"2018-08-24T07:24:33+00:00\",\"breadcrumb\":{\"@id\":\"https:\/\/zumarte.eus\/es\/politica-de-cookies\/#breadcrumb\"},\"inLanguage\":\"es\",\"potentialAction\":[{\"@type\":\"ReadAction\",\"target\":[\"https:\/\/zumarte.eus\/es\/politica-de-cookies\/\"]}]},{\"@type\":\"BreadcrumbList\",\"@id\":\"https:\/\/zumarte.eus\/es\/politica-de-cookies\/#breadcrumb\",\"itemListElement\":[{\"@type\":\"ListItem\",\"position\":1,\"name\":\"Home\",\"item\":\"https:\/\/zumarte.eus\/es\/\"},{\"@type\":\"ListItem\",\"position\":2,\"name\":\"Politica de cookies\"}]},{\"@type\":\"WebSite\",\"@id\":\"https:\/\/zumarte.eus\/#website\",\"url\":\"https:\/\/zumarte.eus\/\",\"name\":\"Zumarte\",\"description\":\"Usurbilgo musika eskola\",\"potentialAction\":[{\"@type\":\"SearchAction\",\"target\":{\"@type\":\"EntryPoint\",\"urlTemplate\":\"https:\/\/zumarte.eus\/?s={search_term_string}\"},\"query-input\":{\"@type\":\"PropertyValueSpecification\",\"valueRequired\":true,\"valueName\":\"search_term_string\"}}],\"inLanguage\":\"es\"}]}<\/script>\n<!-- \/ Yoast SEO plugin. -->","yoast_head_json":{"title":"Politica de cookies - Zumarte","robots":{"index":"index","follow":"follow","max-snippet":"max-snippet:-1","max-image-preview":"max-image-preview:large","max-video-preview":"max-video-preview:-1"},"canonical":"https:\/\/zumarte.eus\/es\/politica-de-cookies\/","og_locale":"es_ES","og_type":"article","og_title":"Politica de cookies - Zumarte","og_description":"El Real Decreto-ley 13\/2012, del 30 de marzo, dispone hasta qu\u00e9 punto debe detallarse informaci\u00f3n sobre las cookies, por lo que, para su cumplimiento, en esta p\u00e1gina se informa sobre &hellip;","og_url":"https:\/\/zumarte.eus\/es\/politica-de-cookies\/","og_site_name":"Zumarte","article_modified_time":"2018-08-24T07:24:33+00:00","twitter_card":"summary_large_image","twitter_site":"@ZumarteMusika","twitter_misc":{"Tiempo de lectura":"2 minutos"},"schema":{"@context":"https:\/\/schema.org","@graph":[{"@type":"WebPage","@id":"https:\/\/zumarte.eus\/es\/politica-de-cookies\/","url":"https:\/\/zumarte.eus\/es\/politica-de-cookies\/","name":"Politica de cookies - Zumarte","isPartOf":{"@id":"https:\/\/zumarte.eus\/#website"},"datePublished":"2018-08-24T07:24:07+00:00","dateModified":"2018-08-24T07:24:33+00:00","breadcrumb":{"@id":"https:\/\/zumarte.eus\/es\/politica-de-cookies\/#breadcrumb"},"inLanguage":"es","potentialAction":[{"@type":"ReadAction","target":["https:\/\/zumarte.eus\/es\/politica-de-cookies\/"]}]},{"@type":"BreadcrumbList","@id":"https:\/\/zumarte.eus\/es\/politica-de-cookies\/#breadcrumb","itemListElement":[{"@type":"ListItem","position":1,"name":"Home","item":"https:\/\/zumarte.eus\/es\/"},{"@type":"ListItem","position":2,"name":"Politica de cookies"}]},{"@type":"WebSite","@id":"https:\/\/zumarte.eus\/#website","url":"https:\/\/zumarte.eus\/","name":"Zumarte","description":"Usurbilgo musika eskola","potentialAction":[{"@type":"SearchAction","target":{"@type":"EntryPoint","urlTemplate":"https:\/\/zumarte.eus\/?s={search_term_string}"},"query-input":{"@type":"PropertyValueSpecification","valueRequired":true,"valueName":"search_term_string"}}],"inLanguage":"es"}]}},"post_mailing_queue_ids":[],"_links":{"self":[{"href":"https:\/\/zumarte.eus\/es\/wp-json\/wp\/v2\/pages\/4387","targetHints":{"allow":["GET"]}}],"collection":[{"href":"https:\/\/zumarte.eus\/es\/wp-json\/wp\/v2\/pages"}],"about":[{"href":"https:\/\/zumarte.eus\/es\/wp-json\/wp\/v2\/types\/page"}],"author":[{"embeddable":true,"href":"https:\/\/zumarte.eus\/es\/wp-json\/wp\/v2\/users\/1"}],"replies":[{"embeddable":true,"href":"https:\/\/zumarte.eus\/es\/wp-json\/wp\/v2\/comments?post=4387"}],"version-history":[{"count":2,"href":"https:\/\/zumarte.eus\/es\/wp-json\/wp\/v2\/pages\/4387\/revisions"}],"predecessor-version":[{"id":4389,"href":"https:\/\/zumarte.eus\/es\/wp-json\/wp\/v2\/pages\/4387\/revisions\/4389"}],"wp:attachment":[{"href":"https:\/\/zumarte.eus\/es\/wp-json\/wp\/v2\/media?parent=4387"}],"curies":[{"name":"wp","href":"https:\/\/api.w.org\/{rel}","templated":true}]}}