{"id":4450,"date":"2018-08-24T10:49:48","date_gmt":"2018-08-24T08:49:48","guid":{"rendered":"https:\/\/zumarte.eus\/?page_id=4450"},"modified":"2026-05-13T15:22:30","modified_gmt":"2026-05-13T13:22:30","slug":"pedagogia-musical","status":"publish","type":"page","link":"https:\/\/zumarte.eus\/es\/pedagogia-musical\/","title":{"rendered":"Pedagog\u00eda musical"},"content":{"rendered":"<p>[vc_row][vc_column][vc_column_text]En Zumarte Usurbilgo Musika Eskola impartimos <strong>Musika Tailera de 0 a 3 a\u00f1os<\/strong>, <strong>Musika Txokoa para alumnos\/as de 4 a 7 a\u00f1os<\/strong> y <strong>Musika Mintzaira para alumnos\/as de 8 a 11 a\u00f1os<\/strong>.<\/p>\n<p>Sabiendo la importancia de la m\u00fasica en el desarrollo del caracter de las personas y teniendo en cuenta el beneficio que ello conlleva, nos introducimos en el mundo de la m\u00fasica a trav\u00e9s de las canciones, cuentos y bailes y con ello tambi\u00e9n trabajamos el o\u00eddo y la voz.<\/p>\n<p>\u00a1Pero sobre todo, nos reunimos para difrutar y pasarlo bien con la m\u00fasica!<\/p>\n<h2>Musika txokoa<\/h2>\n<div id=\"erdyt-6a0723f94a050\" data-id=\"_zdU57A7DVg\" class=\"erd-youtube-responsive\" style=\"display:block;position:relative;clear:both;width:100%;max-width:100%;margin-left:auto;margin-right:auto;\"><div style=\"padding-bottom:56.25%;\"><div class=\"erd-ytplay\" id=\"erdytp-_zdU57A7DVg-6a0723f94a050\" data-vid=\"_zdU57A7DVg\"   data-src=\"https:\/\/www.youtube.com\/embed\/_zdU57A7DVg?loop=1&#038;autoplay=1&#038;rel=0\" data-allowfullscreen=\"true\"><img decoding=\"async\" data-src=\"https:\/\/i.ytimg.com\/vi\/_zdU57A7DVg\/hqdefault.jpg\" alt=\"YouTube Video\" src=\"data:image\/svg+xml;base64,PHN2ZyB3aWR0aD0iMSIgaGVpZ2h0PSIxIiB4bWxucz0iaHR0cDovL3d3dy53My5vcmcvMjAwMC9zdmciPjwvc3ZnPg==\" class=\"lazyload\" \/><\/div><\/div><\/div>\n<h2>Musika mintzaira 2.3<\/h2>\n<div id=\"erdyt-6a0723f94a0cf\" data-id=\"uGURnypdgXY\" class=\"erd-youtube-responsive\" style=\"display:block;position:relative;clear:both;width:100%;max-width:100%;margin-left:auto;margin-right:auto;\"><div style=\"padding-bottom:56.25%;\"><div class=\"erd-ytplay\" id=\"erdytp-uGURnypdgXY-6a0723f94a0cf\" data-vid=\"uGURnypdgXY\"   data-src=\"https:\/\/www.youtube.com\/embed\/uGURnypdgXY?loop=1&#038;autoplay=1&#038;rel=0\" data-allowfullscreen=\"true\"><img decoding=\"async\" data-src=\"https:\/\/i.ytimg.com\/vi\/uGURnypdgXY\/hqdefault.jpg\" alt=\"YouTube Video\" src=\"data:image\/svg+xml;base64,PHN2ZyB3aWR0aD0iMSIgaGVpZ2h0PSIxIiB4bWxucz0iaHR0cDovL3d3dy53My5vcmcvMjAwMC9zdmciPjwvc3ZnPg==\" class=\"lazyload\" \/><\/div><\/div><\/div>\n<h2>Musika mintzaira 2.4<\/h2>\n<div id=\"erdyt-6a0723f94a10c\" data-id=\"m7u2ZF4okGE\" class=\"erd-youtube-responsive\" style=\"display:block;position:relative;clear:both;width:100%;max-width:100%;margin-left:auto;margin-right:auto;\"><div style=\"padding-bottom:56.25%;\"><div class=\"erd-ytplay\" id=\"erdytp-m7u2ZF4okGE-6a0723f94a10c\" data-vid=\"m7u2ZF4okGE\"   data-src=\"https:\/\/www.youtube.com\/embed\/m7u2ZF4okGE?loop=1&#038;autoplay=1&#038;rel=0\" data-allowfullscreen=\"true\"><img decoding=\"async\" data-src=\"https:\/\/i.ytimg.com\/vi\/m7u2ZF4okGE\/hqdefault.jpg\" alt=\"YouTube Video\" src=\"data:image\/svg+xml;base64,PHN2ZyB3aWR0aD0iMSIgaGVpZ2h0PSIxIiB4bWxucz0iaHR0cDovL3d3dy53My5vcmcvMjAwMC9zdmciPjwvc3ZnPg==\" class=\"lazyload\" \/><\/div><\/div><\/div>\n<p>&nbsp;<\/p>\n<div id=\"gtx-trans\" style=\"position: absolute; left: 1088px; top: 38px;\">\n<div class=\"gtx-trans-icon\"><\/div>\n<\/div>\n<p>[\/vc_column_text][\/vc_column][\/vc_row]<\/p>\n","protected":false},"excerpt":{"rendered":"<p>[vc_row][vc_column][vc_column_text]En Zumarte Usurbilgo Musika Eskola impartimos Musika Tailera de 0 a 3 a\u00f1os, Musika Txokoa para alumnos\/as de 4 a 7 a\u00f1os y Musika Mintzaira para alumnos\/as de 8 a &hellip; <\/p>\n","protected":false},"author":1,"featured_media":0,"parent":0,"menu_order":0,"comment_status":"closed","ping_status":"closed","template":"","meta":{"_monsterinsights_skip_tracking":false,"_monsterinsights_sitenote_active":false,"_monsterinsights_sitenote_note":"","_monsterinsights_sitenote_category":0,"footnotes":""},"class_list":["post-4450","page","type-page","status-publish","hentry"],"yoast_head":"<!-- This site is optimized with the Yoast SEO plugin v26.9 - https:\/\/yoast.com\/product\/yoast-seo-wordpress\/ -->\n<title>Pedagog\u00eda musical - Zumarte<\/title>\n<meta name=\"robots\" content=\"index, follow, max-snippet:-1, max-image-preview:large, max-video-preview:-1\" \/>\n<link rel=\"canonical\" href=\"https:\/\/zumarte.eus\/es\/pedagogia-musical\/\" \/>\n<meta property=\"og:locale\" content=\"es_ES\" \/>\n<meta property=\"og:type\" content=\"article\" \/>\n<meta property=\"og:title\" content=\"Pedagog\u00eda musical - Zumarte\" \/>\n<meta property=\"og:description\" content=\"[vc_row][vc_column][vc_column_text]En Zumarte Usurbilgo Musika Eskola impartimos Musika Tailera de 0 a 3 a\u00f1os, Musika Txokoa para alumnos\/as de 4 a 7 a\u00f1os y Musika Mintzaira para alumnos\/as de 8 a &hellip;\" \/>\n<meta property=\"og:url\" content=\"https:\/\/zumarte.eus\/es\/pedagogia-musical\/\" \/>\n<meta property=\"og:site_name\" content=\"Zumarte\" \/>\n<meta property=\"article:modified_time\" content=\"2026-05-13T13:22:30+00:00\" \/>\n<meta name=\"twitter:card\" content=\"summary_large_image\" \/>\n<meta name=\"twitter:site\" content=\"@ZumarteMusika\" \/>\n<meta name=\"twitter:label1\" content=\"Tiempo de lectura\" \/>\n\t<meta name=\"twitter:data1\" content=\"1 minuto\" \/>\n<script type=\"application\/ld+json\" class=\"yoast-schema-graph\">{\"@context\":\"https:\/\/schema.org\",\"@graph\":[{\"@type\":\"WebPage\",\"@id\":\"https:\/\/zumarte.eus\/es\/pedagogia-musical\/\",\"url\":\"https:\/\/zumarte.eus\/es\/pedagogia-musical\/\",\"name\":\"Pedagog\u00eda musical - Zumarte\",\"isPartOf\":{\"@id\":\"https:\/\/zumarte.eus\/#website\"},\"datePublished\":\"2018-08-24T08:49:48+00:00\",\"dateModified\":\"2026-05-13T13:22:30+00:00\",\"breadcrumb\":{\"@id\":\"https:\/\/zumarte.eus\/es\/pedagogia-musical\/#breadcrumb\"},\"inLanguage\":\"es\",\"potentialAction\":[{\"@type\":\"ReadAction\",\"target\":[\"https:\/\/zumarte.eus\/es\/pedagogia-musical\/\"]}]},{\"@type\":\"BreadcrumbList\",\"@id\":\"https:\/\/zumarte.eus\/es\/pedagogia-musical\/#breadcrumb\",\"itemListElement\":[{\"@type\":\"ListItem\",\"position\":1,\"name\":\"Home\",\"item\":\"https:\/\/zumarte.eus\/es\/\"},{\"@type\":\"ListItem\",\"position\":2,\"name\":\"Pedagog\u00eda musical\"}]},{\"@type\":\"WebSite\",\"@id\":\"https:\/\/zumarte.eus\/#website\",\"url\":\"https:\/\/zumarte.eus\/\",\"name\":\"Zumarte\",\"description\":\"Usurbilgo musika eskola\",\"potentialAction\":[{\"@type\":\"SearchAction\",\"target\":{\"@type\":\"EntryPoint\",\"urlTemplate\":\"https:\/\/zumarte.eus\/?s={search_term_string}\"},\"query-input\":{\"@type\":\"PropertyValueSpecification\",\"valueRequired\":true,\"valueName\":\"search_term_string\"}}],\"inLanguage\":\"es\"}]}<\/script>\n<!-- \/ Yoast SEO plugin. -->","yoast_head_json":{"title":"Pedagog\u00eda musical - Zumarte","robots":{"index":"index","follow":"follow","max-snippet":"max-snippet:-1","max-image-preview":"max-image-preview:large","max-video-preview":"max-video-preview:-1"},"canonical":"https:\/\/zumarte.eus\/es\/pedagogia-musical\/","og_locale":"es_ES","og_type":"article","og_title":"Pedagog\u00eda musical - Zumarte","og_description":"[vc_row][vc_column][vc_column_text]En Zumarte Usurbilgo Musika Eskola impartimos Musika Tailera de 0 a 3 a\u00f1os, Musika Txokoa para alumnos\/as de 4 a 7 a\u00f1os y Musika Mintzaira para alumnos\/as de 8 a &hellip;","og_url":"https:\/\/zumarte.eus\/es\/pedagogia-musical\/","og_site_name":"Zumarte","article_modified_time":"2026-05-13T13:22:30+00:00","twitter_card":"summary_large_image","twitter_site":"@ZumarteMusika","twitter_misc":{"Tiempo de lectura":"1 minuto"},"schema":{"@context":"https:\/\/schema.org","@graph":[{"@type":"WebPage","@id":"https:\/\/zumarte.eus\/es\/pedagogia-musical\/","url":"https:\/\/zumarte.eus\/es\/pedagogia-musical\/","name":"Pedagog\u00eda musical - Zumarte","isPartOf":{"@id":"https:\/\/zumarte.eus\/#website"},"datePublished":"2018-08-24T08:49:48+00:00","dateModified":"2026-05-13T13:22:30+00:00","breadcrumb":{"@id":"https:\/\/zumarte.eus\/es\/pedagogia-musical\/#breadcrumb"},"inLanguage":"es","potentialAction":[{"@type":"ReadAction","target":["https:\/\/zumarte.eus\/es\/pedagogia-musical\/"]}]},{"@type":"BreadcrumbList","@id":"https:\/\/zumarte.eus\/es\/pedagogia-musical\/#breadcrumb","itemListElement":[{"@type":"ListItem","position":1,"name":"Home","item":"https:\/\/zumarte.eus\/es\/"},{"@type":"ListItem","position":2,"name":"Pedagog\u00eda musical"}]},{"@type":"WebSite","@id":"https:\/\/zumarte.eus\/#website","url":"https:\/\/zumarte.eus\/","name":"Zumarte","description":"Usurbilgo musika eskola","potentialAction":[{"@type":"SearchAction","target":{"@type":"EntryPoint","urlTemplate":"https:\/\/zumarte.eus\/?s={search_term_string}"},"query-input":{"@type":"PropertyValueSpecification","valueRequired":true,"valueName":"search_term_string"}}],"inLanguage":"es"}]}},"post_mailing_queue_ids":[],"_links":{"self":[{"href":"https:\/\/zumarte.eus\/es\/wp-json\/wp\/v2\/pages\/4450","targetHints":{"allow":["GET"]}}],"collection":[{"href":"https:\/\/zumarte.eus\/es\/wp-json\/wp\/v2\/pages"}],"about":[{"href":"https:\/\/zumarte.eus\/es\/wp-json\/wp\/v2\/types\/page"}],"author":[{"embeddable":true,"href":"https:\/\/zumarte.eus\/es\/wp-json\/wp\/v2\/users\/1"}],"replies":[{"embeddable":true,"href":"https:\/\/zumarte.eus\/es\/wp-json\/wp\/v2\/comments?post=4450"}],"version-history":[{"count":10,"href":"https:\/\/zumarte.eus\/es\/wp-json\/wp\/v2\/pages\/4450\/revisions"}],"predecessor-version":[{"id":7370,"href":"https:\/\/zumarte.eus\/es\/wp-json\/wp\/v2\/pages\/4450\/revisions\/7370"}],"wp:attachment":[{"href":"https:\/\/zumarte.eus\/es\/wp-json\/wp\/v2\/media?parent=4450"}],"curies":[{"name":"wp","href":"https:\/\/api.w.org\/{rel}","templated":true}]}}