{"id":4456,"date":"2018-08-24T10:54:35","date_gmt":"2018-08-24T08:54:35","guid":{"rendered":"https:\/\/zumarte.eus\/?page_id=4456"},"modified":"2020-05-24T08:44:43","modified_gmt":"2020-05-24T06:44:43","slug":"cursos-piano","status":"publish","type":"page","link":"https:\/\/zumarte.eus\/es\/instrumentos\/cursos-piano\/","title":{"rendered":"Piano"},"content":{"rendered":"<p>Profesora, Miren Etxebeste &#8211; <a href=\"mailto:metxebeste@zumarte.eus\">metxebeste@zumarte.eus<\/a><\/p>\n<p>El piano se clasifica como instrumento que a\u00fana la percusi\u00f3n y la cuerda en un mismo instrumento. En sus comienzos lo nombraron como Pianoforte, ya que se pod\u00eda tocar tanto de forma fuerte como suave, pero con el paso del tiempo, pas\u00f3 a denominarse como Piano. Con sus 88 teclas es el instrumento m\u00e1s completo para gozar de la m\u00fasica.<\/p>\n<p>Aunque al principio eran ac\u00fasticos, hoy en d\u00eda tambi\u00e9n los podemos encontrar el\u00e9ctricos. Al mismo tiempo tambi\u00e9n existen peque\u00f1os teclados e 66 teclas que los hacen m\u00e1s manejables. Para poder tocar en diferentes estilos, podemos encontrar los Keygitar, que son peque\u00f1os pianos que se tocan con el mismo estilo que las guitarras.<\/p>\n<p>Con el piano tendr\u00e9is una gran oportunidad de tocar diferentes tipos de m\u00fasica. Es un instrumento que desde los siete a\u00f1os, os permitir\u00e1 disfrutar tanto individualmente como en grupo. Podr\u00e9is trabajar diferentes estilos de m\u00fasica; cl\u00e1sico, rock\u2026<\/p>\n<div id=\"erdyt-69e88456b62e1\" data-id=\"6P54jK8RQ18\" class=\"erd-youtube-responsive\" style=\"display:block;position:relative;clear:both;width:100%;max-width:100%;margin-left:auto;margin-right:auto;\"><div style=\"padding-bottom:56.25%;\"><div class=\"erd-ytplay\" id=\"erdytp-6P54jK8RQ18-69e88456b62e1\" data-vid=\"6P54jK8RQ18\"   data-src=\"https:\/\/www.youtube.com\/embed\/6P54jK8RQ18?loop=1&#038;autoplay=1&#038;rel=0\" data-allowfullscreen=\"true\"><img decoding=\"async\" data-src=\"https:\/\/i.ytimg.com\/vi\/6P54jK8RQ18\/hqdefault.jpg\" alt=\"YouTube Video\" src=\"data:image\/svg+xml;base64,PHN2ZyB3aWR0aD0iMSIgaGVpZ2h0PSIxIiB4bWxucz0iaHR0cDovL3d3dy53My5vcmcvMjAwMC9zdmciPjwvc3ZnPg==\" class=\"lazyload\" \/><\/div><\/div><\/div>\n","protected":false},"excerpt":{"rendered":"<p>Profesora, Miren Etxebeste &#8211; metxebeste@zumarte.eus El piano se clasifica como instrumento que a\u00fana la percusi\u00f3n y la cuerda en un mismo instrumento. En sus comienzos lo nombraron como Pianoforte, ya &hellip; <\/p>\n","protected":false},"author":1,"featured_media":0,"parent":4382,"menu_order":0,"comment_status":"closed","ping_status":"closed","template":"","meta":{"_monsterinsights_skip_tracking":false,"_monsterinsights_sitenote_active":false,"_monsterinsights_sitenote_note":"","_monsterinsights_sitenote_category":0,"footnotes":""},"class_list":["post-4456","page","type-page","status-publish","hentry"],"yoast_head":"<!-- This site is optimized with the Yoast SEO plugin v26.9 - https:\/\/yoast.com\/product\/yoast-seo-wordpress\/ -->\n<title>Piano - Zumarte<\/title>\n<meta name=\"robots\" content=\"index, follow, max-snippet:-1, max-image-preview:large, max-video-preview:-1\" \/>\n<link rel=\"canonical\" href=\"https:\/\/zumarte.eus\/instrumentuak\/piano-ikastaroak\/\" \/>\n<meta property=\"og:locale\" content=\"es_ES\" \/>\n<meta property=\"og:type\" content=\"article\" \/>\n<meta property=\"og:title\" content=\"Piano - Zumarte\" \/>\n<meta property=\"og:description\" content=\"Profesora, Miren Etxebeste &#8211; metxebeste@zumarte.eus El piano se clasifica como instrumento que a\u00fana la percusi\u00f3n y la cuerda en un mismo instrumento. En sus comienzos lo nombraron como Pianoforte, ya &hellip;\" \/>\n<meta property=\"og:url\" content=\"https:\/\/zumarte.eus\/instrumentuak\/piano-ikastaroak\/\" \/>\n<meta property=\"og:site_name\" content=\"Zumarte\" \/>\n<meta property=\"article:modified_time\" content=\"2020-05-24T06:44:43+00:00\" \/>\n<meta name=\"twitter:card\" content=\"summary_large_image\" \/>\n<meta name=\"twitter:site\" content=\"@ZumarteMusika\" \/>\n<meta name=\"twitter:label1\" content=\"Tiempo de lectura\" \/>\n\t<meta name=\"twitter:data1\" content=\"1 minuto\" \/>\n<script type=\"application\/ld+json\" class=\"yoast-schema-graph\">{\"@context\":\"https:\/\/schema.org\",\"@graph\":[{\"@type\":\"WebPage\",\"@id\":\"https:\/\/zumarte.eus\/instrumentuak\/piano-ikastaroak\/\",\"url\":\"https:\/\/zumarte.eus\/instrumentuak\/piano-ikastaroak\/\",\"name\":\"Piano - Zumarte\",\"isPartOf\":{\"@id\":\"https:\/\/zumarte.eus\/#website\"},\"datePublished\":\"2018-08-24T08:54:35+00:00\",\"dateModified\":\"2020-05-24T06:44:43+00:00\",\"breadcrumb\":{\"@id\":\"https:\/\/zumarte.eus\/instrumentuak\/piano-ikastaroak\/#breadcrumb\"},\"inLanguage\":\"es\",\"potentialAction\":[{\"@type\":\"ReadAction\",\"target\":[\"https:\/\/zumarte.eus\/instrumentuak\/piano-ikastaroak\/\"]}]},{\"@type\":\"BreadcrumbList\",\"@id\":\"https:\/\/zumarte.eus\/instrumentuak\/piano-ikastaroak\/#breadcrumb\",\"itemListElement\":[{\"@type\":\"ListItem\",\"position\":1,\"name\":\"Home\",\"item\":\"https:\/\/zumarte.eus\/es\/\"},{\"@type\":\"ListItem\",\"position\":2,\"name\":\"Instrumentos\",\"item\":\"https:\/\/zumarte.eus\/instrumentuak\/\"},{\"@type\":\"ListItem\",\"position\":3,\"name\":\"Piano\"}]},{\"@type\":\"WebSite\",\"@id\":\"https:\/\/zumarte.eus\/#website\",\"url\":\"https:\/\/zumarte.eus\/\",\"name\":\"Zumarte\",\"description\":\"Usurbilgo musika eskola\",\"potentialAction\":[{\"@type\":\"SearchAction\",\"target\":{\"@type\":\"EntryPoint\",\"urlTemplate\":\"https:\/\/zumarte.eus\/?s={search_term_string}\"},\"query-input\":{\"@type\":\"PropertyValueSpecification\",\"valueRequired\":true,\"valueName\":\"search_term_string\"}}],\"inLanguage\":\"es\"}]}<\/script>\n<!-- \/ Yoast SEO plugin. -->","yoast_head_json":{"title":"Piano - Zumarte","robots":{"index":"index","follow":"follow","max-snippet":"max-snippet:-1","max-image-preview":"max-image-preview:large","max-video-preview":"max-video-preview:-1"},"canonical":"https:\/\/zumarte.eus\/instrumentuak\/piano-ikastaroak\/","og_locale":"es_ES","og_type":"article","og_title":"Piano - Zumarte","og_description":"Profesora, Miren Etxebeste &#8211; metxebeste@zumarte.eus El piano se clasifica como instrumento que a\u00fana la percusi\u00f3n y la cuerda en un mismo instrumento. En sus comienzos lo nombraron como Pianoforte, ya &hellip;","og_url":"https:\/\/zumarte.eus\/instrumentuak\/piano-ikastaroak\/","og_site_name":"Zumarte","article_modified_time":"2020-05-24T06:44:43+00:00","twitter_card":"summary_large_image","twitter_site":"@ZumarteMusika","twitter_misc":{"Tiempo de lectura":"1 minuto"},"schema":{"@context":"https:\/\/schema.org","@graph":[{"@type":"WebPage","@id":"https:\/\/zumarte.eus\/instrumentuak\/piano-ikastaroak\/","url":"https:\/\/zumarte.eus\/instrumentuak\/piano-ikastaroak\/","name":"Piano - Zumarte","isPartOf":{"@id":"https:\/\/zumarte.eus\/#website"},"datePublished":"2018-08-24T08:54:35+00:00","dateModified":"2020-05-24T06:44:43+00:00","breadcrumb":{"@id":"https:\/\/zumarte.eus\/instrumentuak\/piano-ikastaroak\/#breadcrumb"},"inLanguage":"es","potentialAction":[{"@type":"ReadAction","target":["https:\/\/zumarte.eus\/instrumentuak\/piano-ikastaroak\/"]}]},{"@type":"BreadcrumbList","@id":"https:\/\/zumarte.eus\/instrumentuak\/piano-ikastaroak\/#breadcrumb","itemListElement":[{"@type":"ListItem","position":1,"name":"Home","item":"https:\/\/zumarte.eus\/es\/"},{"@type":"ListItem","position":2,"name":"Instrumentos","item":"https:\/\/zumarte.eus\/instrumentuak\/"},{"@type":"ListItem","position":3,"name":"Piano"}]},{"@type":"WebSite","@id":"https:\/\/zumarte.eus\/#website","url":"https:\/\/zumarte.eus\/","name":"Zumarte","description":"Usurbilgo musika eskola","potentialAction":[{"@type":"SearchAction","target":{"@type":"EntryPoint","urlTemplate":"https:\/\/zumarte.eus\/?s={search_term_string}"},"query-input":{"@type":"PropertyValueSpecification","valueRequired":true,"valueName":"search_term_string"}}],"inLanguage":"es"}]}},"post_mailing_queue_ids":[],"_links":{"self":[{"href":"https:\/\/zumarte.eus\/es\/wp-json\/wp\/v2\/pages\/4456","targetHints":{"allow":["GET"]}}],"collection":[{"href":"https:\/\/zumarte.eus\/es\/wp-json\/wp\/v2\/pages"}],"about":[{"href":"https:\/\/zumarte.eus\/es\/wp-json\/wp\/v2\/types\/page"}],"author":[{"embeddable":true,"href":"https:\/\/zumarte.eus\/es\/wp-json\/wp\/v2\/users\/1"}],"replies":[{"embeddable":true,"href":"https:\/\/zumarte.eus\/es\/wp-json\/wp\/v2\/comments?post=4456"}],"version-history":[{"count":7,"href":"https:\/\/zumarte.eus\/es\/wp-json\/wp\/v2\/pages\/4456\/revisions"}],"predecessor-version":[{"id":5543,"href":"https:\/\/zumarte.eus\/es\/wp-json\/wp\/v2\/pages\/4456\/revisions\/5543"}],"up":[{"embeddable":true,"href":"https:\/\/zumarte.eus\/es\/wp-json\/wp\/v2\/pages\/4382"}],"wp:attachment":[{"href":"https:\/\/zumarte.eus\/es\/wp-json\/wp\/v2\/media?parent=4456"}],"curies":[{"name":"wp","href":"https:\/\/api.w.org\/{rel}","templated":true}]}}